{"id":6931,"date":"2025-03-24T21:00:04","date_gmt":"2025-03-24T21:00:04","guid":{"rendered":"https:\/\/hotelalalba.com\/salon-de-the\/"},"modified":"2025-05-10T07:39:00","modified_gmt":"2025-05-10T07:39:00","slug":"salon-de-the","status":"publish","type":"page","link":"https:\/\/hotelalalba.com\/fr\/salon-de-the\/","title":{"rendered":"Salon de th\u00e9"},"content":{"rendered":"\t\t<div data-elementor-type=\"wp-page\" data-elementor-id=\"6931\" class=\"elementor elementor-6931 elementor-6909\" data-elementor-post-type=\"page\">\n\t\t\t\t\t\t<section class=\"elementor-section elementor-top-section elementor-element elementor-element-4ebe441 elementor-section-boxed elementor-section-height-default elementor-section-height-default\" data-id=\"4ebe441\" data-element_type=\"section\" data-e-type=\"section\">\n\t\t\t\t\t\t<div class=\"elementor-container elementor-column-gap-default\">\n\t\t\t\t\t<div class=\"elementor-column elementor-col-100 elementor-top-column elementor-element elementor-element-a248a5d\" data-id=\"a248a5d\" data-element_type=\"column\" data-e-type=\"column\">\n\t\t\t<div class=\"elementor-widget-wrap elementor-element-populated\">\n\t\t\t\t\t\t<section class=\"elementor-section elementor-inner-section elementor-element elementor-element-ff6ba4d elementor-section-boxed elementor-section-height-default elementor-section-height-default\" data-id=\"ff6ba4d\" data-element_type=\"section\" data-e-type=\"section\">\n\t\t\t\t\t\t<div class=\"elementor-container elementor-column-gap-default\">\n\t\t\t\t\t<div class=\"elementor-column elementor-col-100 elementor-inner-column elementor-element elementor-element-e4476c5\" data-id=\"e4476c5\" data-element_type=\"column\" data-e-type=\"column\">\n\t\t\t<div class=\"elementor-widget-wrap elementor-element-populated\">\n\t\t\t\t\t\t<div class=\"elementor-element elementor-element-12747c1 elementor-widget elementor-widget-heading\" data-id=\"12747c1\" data-element_type=\"widget\" data-e-type=\"widget\" data-widget_type=\"heading.default\">\n\t\t\t\t<div class=\"elementor-widget-container\">\n\t\t\t\t\t<h2 class=\"elementor-heading-title elementor-size-default\">Salon de th\u00e9<\/h2>\t\t\t\t<\/div>\n\t\t\t\t<\/div>\n\t\t\t\t<div class=\"elementor-element elementor-element-8e12eef elementor-widget elementor-widget-heading\" data-id=\"8e12eef\" data-element_type=\"widget\" data-e-type=\"widget\" data-widget_type=\"heading.default\">\n\t\t\t\t<div class=\"elementor-widget-container\">\n\t\t\t\t\t<h2 class=\"elementor-heading-title elementor-size-default\">Un d\u00e9licieux th\u00e9 marocain accompagn\u00e9 des c\u00e9l\u00e8bres p\u00e2tisseries du pays.<\/h2>\t\t\t\t<\/div>\n\t\t\t\t<\/div>\n\t\t\t\t\t<\/div>\n\t\t<\/div>\n\t\t\t\t\t<\/div>\n\t\t<\/section>\n\t\t\t\t\t<\/div>\n\t\t<\/div>\n\t\t\t\t\t<\/div>\n\t\t<\/section>\n\t\t\t\t<section class=\"elementor-section elementor-top-section elementor-element elementor-element-07fcc13 elementor-section-boxed elementor-section-height-default elementor-section-height-default\" data-id=\"07fcc13\" data-element_type=\"section\" data-e-type=\"section\">\n\t\t\t\t\t\t<div class=\"elementor-container elementor-column-gap-default\">\n\t\t\t\t\t<div class=\"elementor-column elementor-col-100 elementor-top-column elementor-element elementor-element-0708671\" data-id=\"0708671\" data-element_type=\"column\" data-e-type=\"column\">\n\t\t\t<div class=\"elementor-widget-wrap elementor-element-populated\">\n\t\t\t\t\t\t<section class=\"elementor-section elementor-inner-section elementor-element elementor-element-312d774 elementor-section-full_width elementor-section-height-min-height elementor-section-height-default\" data-id=\"312d774\" data-element_type=\"section\" data-e-type=\"section\">\n\t\t\t\t\t\t<div class=\"elementor-container elementor-column-gap-default\">\n\t\t\t\t\t<div class=\"elementor-column elementor-col-50 elementor-inner-column elementor-element elementor-element-55bc36e\" data-id=\"55bc36e\" data-element_type=\"column\" data-e-type=\"column\" data-settings=\"{&quot;background_background&quot;:&quot;classic&quot;}\">\n\t\t\t<div class=\"elementor-widget-wrap elementor-element-populated\">\n\t\t\t\t\t\t<div class=\"elementor-element elementor-element-9e6f89f elementor-hidden-desktop elementor-hidden-tablet elementor-widget elementor-widget-spacer\" data-id=\"9e6f89f\" data-element_type=\"widget\" data-e-type=\"widget\" data-widget_type=\"spacer.default\">\n\t\t\t\t<div class=\"elementor-widget-container\">\n\t\t\t\t\t\t\t<div class=\"elementor-spacer\">\n\t\t\t<div class=\"elementor-spacer-inner\"><\/div>\n\t\t<\/div>\n\t\t\t\t\t\t<\/div>\n\t\t\t\t<\/div>\n\t\t\t\t\t<\/div>\n\t\t<\/div>\n\t\t\t\t<div class=\"elementor-column elementor-col-50 elementor-inner-column elementor-element elementor-element-6692935\" data-id=\"6692935\" data-element_type=\"column\" data-e-type=\"column\">\n\t\t\t<div class=\"elementor-widget-wrap elementor-element-populated\">\n\t\t\t\t\t\t<div class=\"elementor-element elementor-element-602cb53 elementor-widget elementor-widget-text-editor\" data-id=\"602cb53\" data-element_type=\"widget\" data-e-type=\"widget\" data-widget_type=\"text-editor.default\">\n\t\t\t\t<div class=\"elementor-widget-container\">\n\t\t\t\t\t\t\t\t\t<h3>Nous vous proposons un espace con\u00e7u et cr\u00e9\u00e9 pour profiter de la tranquillit\u00e9 transmise par sa d\u00e9coration arabe tout en savourant un d\u00e9licieux th\u00e9 marocain accompagn\u00e9 des c\u00e9l\u00e8bres p\u00e2tisseries du pays.<\/h3>\t\t\t\t\t\t\t\t<\/div>\n\t\t\t\t<\/div>\n\t\t\t\t\t<\/div>\n\t\t<\/div>\n\t\t\t\t\t<\/div>\n\t\t<\/section>\n\t\t\t\t\t<\/div>\n\t\t<\/div>\n\t\t\t\t\t<\/div>\n\t\t<\/section>\n\t\t\t\t<section class=\"elementor-section elementor-top-section elementor-element elementor-element-c1a4dca elementor-section-boxed elementor-section-height-default elementor-section-height-default\" data-id=\"c1a4dca\" data-element_type=\"section\" data-e-type=\"section\">\n\t\t\t\t\t\t<div class=\"elementor-container elementor-column-gap-default\">\n\t\t\t\t\t<div class=\"elementor-column elementor-col-100 elementor-top-column elementor-element elementor-element-5e2610e\" data-id=\"5e2610e\" data-element_type=\"column\" data-e-type=\"column\">\n\t\t\t<div class=\"elementor-widget-wrap elementor-element-populated\">\n\t\t\t\t\t\t<div class=\"elementor-element elementor-element-a55024e elementor-widget elementor-widget-spacer\" data-id=\"a55024e\" data-element_type=\"widget\" data-e-type=\"widget\" data-widget_type=\"spacer.default\">\n\t\t\t\t<div class=\"elementor-widget-container\">\n\t\t\t\t\t\t\t<div class=\"elementor-spacer\">\n\t\t\t<div class=\"elementor-spacer-inner\"><\/div>\n\t\t<\/div>\n\t\t\t\t\t\t<\/div>\n\t\t\t\t<\/div>\n\t\t\t\t\t<\/div>\n\t\t<\/div>\n\t\t\t\t\t<\/div>\n\t\t<\/section>\n\t\t\t\t<section class=\"elementor-section elementor-top-section elementor-element elementor-element-b3581f5 elementor-section-full_width elementor-section-height-min-height elementor-section-items-top elementor-section-height-default\" data-id=\"b3581f5\" data-element_type=\"section\" data-e-type=\"section\">\n\t\t\t\t\t\t<div class=\"elementor-container elementor-column-gap-default\">\n\t\t\t\t\t<div class=\"elementor-column elementor-col-25 elementor-top-column elementor-element elementor-element-2fd1e7c\" data-id=\"2fd1e7c\" data-element_type=\"column\" data-e-type=\"column\" data-settings=\"{&quot;background_background&quot;:&quot;classic&quot;}\">\n\t\t\t<div class=\"elementor-widget-wrap elementor-element-populated\">\n\t\t\t\t\t<div class=\"elementor-background-overlay\"><\/div>\n\t\t\t\t\t\t<div class=\"elementor-element elementor-element-2f71c56 elementor-widget elementor-widget-spacer\" data-id=\"2f71c56\" data-element_type=\"widget\" data-e-type=\"widget\" data-widget_type=\"spacer.default\">\n\t\t\t\t<div class=\"elementor-widget-container\">\n\t\t\t\t\t\t\t<div class=\"elementor-spacer\">\n\t\t\t<div class=\"elementor-spacer-inner\"><\/div>\n\t\t<\/div>\n\t\t\t\t\t\t<\/div>\n\t\t\t\t<\/div>\n\t\t\t\t\t<\/div>\n\t\t<\/div>\n\t\t\t\t<div class=\"elementor-column elementor-col-25 elementor-top-column elementor-element elementor-element-a3366b4\" data-id=\"a3366b4\" data-element_type=\"column\" data-e-type=\"column\" data-settings=\"{&quot;background_background&quot;:&quot;classic&quot;}\">\n\t\t\t<div class=\"elementor-widget-wrap elementor-element-populated\">\n\t\t\t\t\t\t<div class=\"elementor-element elementor-element-5647d5b elementor-widget elementor-widget-spacer\" data-id=\"5647d5b\" data-element_type=\"widget\" data-e-type=\"widget\" data-widget_type=\"spacer.default\">\n\t\t\t\t<div class=\"elementor-widget-container\">\n\t\t\t\t\t\t\t<div class=\"elementor-spacer\">\n\t\t\t<div class=\"elementor-spacer-inner\"><\/div>\n\t\t<\/div>\n\t\t\t\t\t\t<\/div>\n\t\t\t\t<\/div>\n\t\t\t\t\t<\/div>\n\t\t<\/div>\n\t\t\t\t<div class=\"elementor-column elementor-col-25 elementor-top-column elementor-element elementor-element-59a75d5\" data-id=\"59a75d5\" data-element_type=\"column\" data-e-type=\"column\" data-settings=\"{&quot;background_background&quot;:&quot;classic&quot;}\">\n\t\t\t<div class=\"elementor-widget-wrap elementor-element-populated\">\n\t\t\t\t\t\t<div class=\"elementor-element elementor-element-63d342d elementor-widget elementor-widget-spacer\" data-id=\"63d342d\" data-element_type=\"widget\" data-e-type=\"widget\" data-widget_type=\"spacer.default\">\n\t\t\t\t<div class=\"elementor-widget-container\">\n\t\t\t\t\t\t\t<div class=\"elementor-spacer\">\n\t\t\t<div class=\"elementor-spacer-inner\"><\/div>\n\t\t<\/div>\n\t\t\t\t\t\t<\/div>\n\t\t\t\t<\/div>\n\t\t\t\t\t<\/div>\n\t\t<\/div>\n\t\t\t\t<div class=\"elementor-column elementor-col-25 elementor-top-column elementor-element elementor-element-4b8396e\" data-id=\"4b8396e\" data-element_type=\"column\" data-e-type=\"column\" data-settings=\"{&quot;background_background&quot;:&quot;classic&quot;}\">\n\t\t\t<div class=\"elementor-widget-wrap elementor-element-populated\">\n\t\t\t\t\t\t<div class=\"elementor-element elementor-element-ae7aab0 elementor-widget elementor-widget-spacer\" data-id=\"ae7aab0\" data-element_type=\"widget\" data-e-type=\"widget\" data-widget_type=\"spacer.default\">\n\t\t\t\t<div class=\"elementor-widget-container\">\n\t\t\t\t\t\t\t<div class=\"elementor-spacer\">\n\t\t\t<div class=\"elementor-spacer-inner\"><\/div>\n\t\t<\/div>\n\t\t\t\t\t\t<\/div>\n\t\t\t\t<\/div>\n\t\t\t\t\t<\/div>\n\t\t<\/div>\n\t\t\t\t\t<\/div>\n\t\t<\/section>\n\t\t\t\t<section class=\"elementor-section elementor-top-section elementor-element elementor-element-9749a3f elementor-section-boxed elementor-section-height-default elementor-section-height-default\" data-id=\"9749a3f\" data-element_type=\"section\" data-e-type=\"section\">\n\t\t\t\t\t\t<div class=\"elementor-container elementor-column-gap-default\">\n\t\t\t\t\t<div class=\"elementor-column elementor-col-100 elementor-top-column elementor-element elementor-element-f1b513e\" data-id=\"f1b513e\" data-element_type=\"column\" data-e-type=\"column\">\n\t\t\t<div class=\"elementor-widget-wrap elementor-element-populated\">\n\t\t\t\t\t\t<div class=\"elementor-element elementor-element-d5eed9d elementor-widget elementor-widget-spacer\" data-id=\"d5eed9d\" data-element_type=\"widget\" data-e-type=\"widget\" data-widget_type=\"spacer.default\">\n\t\t\t\t<div class=\"elementor-widget-container\">\n\t\t\t\t\t\t\t<div class=\"elementor-spacer\">\n\t\t\t<div class=\"elementor-spacer-inner\"><\/div>\n\t\t<\/div>\n\t\t\t\t\t\t<\/div>\n\t\t\t\t<\/div>\n\t\t\t\t\t<\/div>\n\t\t<\/div>\n\t\t\t\t\t<\/div>\n\t\t<\/section>\n\t\t\t\t<\/div>\n\t\t","protected":false},"excerpt":{"rendered":"<p>Salon de th\u00e9 Un d\u00e9licieux th\u00e9 marocain accompagn\u00e9 des c\u00e9l\u00e8bres p\u00e2tisseries du pays. Nous vous proposons un espace con\u00e7u et cr\u00e9\u00e9 pour profiter de la tranquillit\u00e9 transmise par sa d\u00e9coration arabe tout en savourant un d\u00e9licieux th\u00e9 marocain accompagn\u00e9 des c\u00e9l\u00e8bres p\u00e2tisseries du pays.<\/p>\n","protected":false},"author":2,"featured_media":0,"parent":0,"menu_order":0,"comment_status":"closed","ping_status":"closed","template":"elementor_header_footer","meta":{"_acf_changed":false,"footnotes":""},"class_list":["post-6931","page","type-page","status-publish","hentry"],"acf":[],"yoast_head":"<!-- This site is optimized with the Yoast SEO plugin v27.3 - https:\/\/yoast.com\/product\/yoast-seo-wordpress\/ -->\n<title>Salon de th\u00e9 - Hotel Al Alba Hammam &amp; Restaurant<\/title>\n<meta name=\"robots\" content=\"index, follow, max-snippet:-1, max-image-preview:large, max-video-preview:-1\" \/>\n<link rel=\"canonical\" href=\"https:\/\/hotelalalba.com\/fr\/salon-de-the\/\" \/>\n<meta property=\"og:locale\" content=\"fr_FR\" \/>\n<meta property=\"og:type\" content=\"article\" \/>\n<meta property=\"og:title\" content=\"Salon de th\u00e9 - Hotel Al Alba Hammam &amp; Restaurant\" \/>\n<meta property=\"og:description\" content=\"Salon de th\u00e9 Un d\u00e9licieux th\u00e9 marocain accompagn\u00e9 des c\u00e9l\u00e8bres p\u00e2tisseries du pays. Nous vous proposons un espace con\u00e7u et cr\u00e9\u00e9 pour profiter de la tranquillit\u00e9 transmise par sa d\u00e9coration arabe tout en savourant un d\u00e9licieux th\u00e9 marocain accompagn\u00e9 des c\u00e9l\u00e8bres p\u00e2tisseries du pays.\" \/>\n<meta property=\"og:url\" content=\"https:\/\/hotelalalba.com\/fr\/salon-de-the\/\" \/>\n<meta property=\"og:site_name\" content=\"Hotel Al Alba Hammam &amp; Restaurant\" \/>\n<meta property=\"article:modified_time\" content=\"2025-05-10T07:39:00+00:00\" \/>\n<meta property=\"og:image\" content=\"https:\/\/hotelalalba.com\/wp-content\/uploads\/2022\/07\/logo-riad-transparente.png\" \/>\n\t<meta property=\"og:image:width\" content=\"313\" \/>\n\t<meta property=\"og:image:height\" content=\"366\" \/>\n\t<meta property=\"og:image:type\" content=\"image\/png\" \/>\n<meta name=\"twitter:card\" content=\"summary_large_image\" \/>\n<script type=\"application\/ld+json\" class=\"yoast-schema-graph\">{\"@context\":\"https:\\\/\\\/schema.org\",\"@graph\":[{\"@type\":\"WebPage\",\"@id\":\"https:\\\/\\\/hotelalalba.com\\\/fr\\\/salon-de-the\\\/\",\"url\":\"https:\\\/\\\/hotelalalba.com\\\/fr\\\/salon-de-the\\\/\",\"name\":\"Salon de th\u00e9 - Hotel Al Alba Hammam &amp; Restaurant\",\"isPartOf\":{\"@id\":\"https:\\\/\\\/hotelalalba.com\\\/fr\\\/#website\"},\"datePublished\":\"2025-03-24T21:00:04+00:00\",\"dateModified\":\"2025-05-10T07:39:00+00:00\",\"breadcrumb\":{\"@id\":\"https:\\\/\\\/hotelalalba.com\\\/fr\\\/salon-de-the\\\/#breadcrumb\"},\"inLanguage\":\"fr-FR\",\"potentialAction\":[{\"@type\":\"ReadAction\",\"target\":[\"https:\\\/\\\/hotelalalba.com\\\/fr\\\/salon-de-the\\\/\"]}]},{\"@type\":\"BreadcrumbList\",\"@id\":\"https:\\\/\\\/hotelalalba.com\\\/fr\\\/salon-de-the\\\/#breadcrumb\",\"itemListElement\":[{\"@type\":\"ListItem\",\"position\":1,\"name\":\"Portada\",\"item\":\"https:\\\/\\\/hotelalalba.com\\\/fr\\\/\"},{\"@type\":\"ListItem\",\"position\":2,\"name\":\"Salon de th\u00e9\"}]},{\"@type\":\"WebSite\",\"@id\":\"https:\\\/\\\/hotelalalba.com\\\/fr\\\/#website\",\"url\":\"https:\\\/\\\/hotelalalba.com\\\/fr\\\/\",\"name\":\"Hotel Al Alba Hammam &amp; Restaurant\",\"description\":\"A s\u00f3lo 40 km de T\u00e1nger\",\"publisher\":{\"@id\":\"https:\\\/\\\/hotelalalba.com\\\/fr\\\/#organization\"},\"potentialAction\":[{\"@type\":\"SearchAction\",\"target\":{\"@type\":\"EntryPoint\",\"urlTemplate\":\"https:\\\/\\\/hotelalalba.com\\\/fr\\\/?s={search_term_string}\"},\"query-input\":{\"@type\":\"PropertyValueSpecification\",\"valueRequired\":true,\"valueName\":\"search_term_string\"}}],\"inLanguage\":\"fr-FR\"},{\"@type\":\"Organization\",\"@id\":\"https:\\\/\\\/hotelalalba.com\\\/fr\\\/#organization\",\"name\":\"Hotel Al Alba Hammam & Restaurant\",\"alternateName\":\"Hotel Al Alba - Asilah\",\"url\":\"https:\\\/\\\/hotelalalba.com\\\/fr\\\/\",\"logo\":{\"@type\":\"ImageObject\",\"inLanguage\":\"fr-FR\",\"@id\":\"https:\\\/\\\/hotelalalba.com\\\/fr\\\/#\\\/schema\\\/logo\\\/image\\\/\",\"url\":\"https:\\\/\\\/hotelalalba.com\\\/wp-content\\\/uploads\\\/2026\\\/03\\\/hotel-hammam-tanger-scaled.png\",\"contentUrl\":\"https:\\\/\\\/hotelalalba.com\\\/wp-content\\\/uploads\\\/2026\\\/03\\\/hotel-hammam-tanger-scaled.png\",\"width\":2560,\"height\":2548,\"caption\":\"Hotel Al Alba Hammam & Restaurant\"},\"image\":{\"@id\":\"https:\\\/\\\/hotelalalba.com\\\/fr\\\/#\\\/schema\\\/logo\\\/image\\\/\"}}]}<\/script>\n<!-- \/ Yoast SEO plugin. -->","yoast_head_json":{"title":"Salon de th\u00e9 - Hotel Al Alba Hammam &amp; Restaurant","robots":{"index":"index","follow":"follow","max-snippet":"max-snippet:-1","max-image-preview":"max-image-preview:large","max-video-preview":"max-video-preview:-1"},"canonical":"https:\/\/hotelalalba.com\/fr\/salon-de-the\/","og_locale":"fr_FR","og_type":"article","og_title":"Salon de th\u00e9 - Hotel Al Alba Hammam &amp; Restaurant","og_description":"Salon de th\u00e9 Un d\u00e9licieux th\u00e9 marocain accompagn\u00e9 des c\u00e9l\u00e8bres p\u00e2tisseries du pays. Nous vous proposons un espace con\u00e7u et cr\u00e9\u00e9 pour profiter de la tranquillit\u00e9 transmise par sa d\u00e9coration arabe tout en savourant un d\u00e9licieux th\u00e9 marocain accompagn\u00e9 des c\u00e9l\u00e8bres p\u00e2tisseries du pays.","og_url":"https:\/\/hotelalalba.com\/fr\/salon-de-the\/","og_site_name":"Hotel Al Alba Hammam &amp; Restaurant","article_modified_time":"2025-05-10T07:39:00+00:00","og_image":[{"width":313,"height":366,"url":"https:\/\/hotelalalba.com\/wp-content\/uploads\/2022\/07\/logo-riad-transparente.png","type":"image\/png"}],"twitter_card":"summary_large_image","schema":{"@context":"https:\/\/schema.org","@graph":[{"@type":"WebPage","@id":"https:\/\/hotelalalba.com\/fr\/salon-de-the\/","url":"https:\/\/hotelalalba.com\/fr\/salon-de-the\/","name":"Salon de th\u00e9 - Hotel Al Alba Hammam &amp; Restaurant","isPartOf":{"@id":"https:\/\/hotelalalba.com\/fr\/#website"},"datePublished":"2025-03-24T21:00:04+00:00","dateModified":"2025-05-10T07:39:00+00:00","breadcrumb":{"@id":"https:\/\/hotelalalba.com\/fr\/salon-de-the\/#breadcrumb"},"inLanguage":"fr-FR","potentialAction":[{"@type":"ReadAction","target":["https:\/\/hotelalalba.com\/fr\/salon-de-the\/"]}]},{"@type":"BreadcrumbList","@id":"https:\/\/hotelalalba.com\/fr\/salon-de-the\/#breadcrumb","itemListElement":[{"@type":"ListItem","position":1,"name":"Portada","item":"https:\/\/hotelalalba.com\/fr\/"},{"@type":"ListItem","position":2,"name":"Salon de th\u00e9"}]},{"@type":"WebSite","@id":"https:\/\/hotelalalba.com\/fr\/#website","url":"https:\/\/hotelalalba.com\/fr\/","name":"Hotel Al Alba Hammam &amp; Restaurant","description":"A s\u00f3lo 40 km de T\u00e1nger","publisher":{"@id":"https:\/\/hotelalalba.com\/fr\/#organization"},"potentialAction":[{"@type":"SearchAction","target":{"@type":"EntryPoint","urlTemplate":"https:\/\/hotelalalba.com\/fr\/?s={search_term_string}"},"query-input":{"@type":"PropertyValueSpecification","valueRequired":true,"valueName":"search_term_string"}}],"inLanguage":"fr-FR"},{"@type":"Organization","@id":"https:\/\/hotelalalba.com\/fr\/#organization","name":"Hotel Al Alba Hammam & Restaurant","alternateName":"Hotel Al Alba - Asilah","url":"https:\/\/hotelalalba.com\/fr\/","logo":{"@type":"ImageObject","inLanguage":"fr-FR","@id":"https:\/\/hotelalalba.com\/fr\/#\/schema\/logo\/image\/","url":"https:\/\/hotelalalba.com\/wp-content\/uploads\/2026\/03\/hotel-hammam-tanger-scaled.png","contentUrl":"https:\/\/hotelalalba.com\/wp-content\/uploads\/2026\/03\/hotel-hammam-tanger-scaled.png","width":2560,"height":2548,"caption":"Hotel Al Alba Hammam & Restaurant"},"image":{"@id":"https:\/\/hotelalalba.com\/fr\/#\/schema\/logo\/image\/"}}]}},"_links":{"self":[{"href":"https:\/\/hotelalalba.com\/fr\/wp-json\/wp\/v2\/pages\/6931","targetHints":{"allow":["GET"]}}],"collection":[{"href":"https:\/\/hotelalalba.com\/fr\/wp-json\/wp\/v2\/pages"}],"about":[{"href":"https:\/\/hotelalalba.com\/fr\/wp-json\/wp\/v2\/types\/page"}],"author":[{"embeddable":true,"href":"https:\/\/hotelalalba.com\/fr\/wp-json\/wp\/v2\/users\/2"}],"replies":[{"embeddable":true,"href":"https:\/\/hotelalalba.com\/fr\/wp-json\/wp\/v2\/comments?post=6931"}],"version-history":[{"count":3,"href":"https:\/\/hotelalalba.com\/fr\/wp-json\/wp\/v2\/pages\/6931\/revisions"}],"predecessor-version":[{"id":7233,"href":"https:\/\/hotelalalba.com\/fr\/wp-json\/wp\/v2\/pages\/6931\/revisions\/7233"}],"wp:attachment":[{"href":"https:\/\/hotelalalba.com\/fr\/wp-json\/wp\/v2\/media?parent=6931"}],"curies":[{"name":"wp","href":"https:\/\/api.w.org\/{rel}","templated":true}]}}