{"id":2923,"date":"2024-10-13T00:39:40","date_gmt":"2024-10-13T00:39:40","guid":{"rendered":"https:\/\/hotelalalba.com\/?page_id=2923"},"modified":"2026-03-07T18:09:11","modified_gmt":"2026-03-07T18:09:11","slug":"hammam","status":"publish","type":"page","link":"https:\/\/hotelalalba.com\/fr\/hammam\/","title":{"rendered":"Hammam"},"content":{"rendered":"\t\t<div data-elementor-type=\"wp-page\" data-elementor-id=\"2923\" class=\"elementor elementor-2923 elementor-2905\" data-elementor-post-type=\"page\">\n\t\t\t\t\t\t<section class=\"elementor-section elementor-top-section elementor-element elementor-element-ff6a093 elementor-section-full_width elementor-section-height-min-height elementor-section-items-stretch elementor-section-height-default\" data-id=\"ff6a093\" data-element_type=\"section\" data-e-type=\"section\" id=\"hamman-hotel\">\n\t\t\t\t\t\t<div class=\"elementor-container elementor-column-gap-no\">\n\t\t\t\t\t<div class=\"elementor-column elementor-col-100 elementor-top-column elementor-element elementor-element-963c3f8\" data-id=\"963c3f8\" data-element_type=\"column\" data-e-type=\"column\" data-settings=\"{&quot;background_background&quot;:&quot;classic&quot;}\">\n\t\t\t<div class=\"elementor-widget-wrap elementor-element-populated\">\n\t\t\t\t\t\t<section class=\"elementor-section elementor-inner-section elementor-element elementor-element-73b56e3 elementor-section-boxed elementor-section-height-default elementor-section-height-default\" data-id=\"73b56e3\" data-element_type=\"section\" data-e-type=\"section\">\n\t\t\t\t\t\t<div class=\"elementor-container elementor-column-gap-default\">\n\t\t\t\t\t<div class=\"elementor-column elementor-col-100 elementor-inner-column elementor-element elementor-element-2f2ad19\" data-id=\"2f2ad19\" data-element_type=\"column\" data-e-type=\"column\">\n\t\t\t<div class=\"elementor-widget-wrap elementor-element-populated\">\n\t\t\t\t\t\t<div class=\"elementor-element elementor-element-58342c0 elementor-widget elementor-widget-heading\" data-id=\"58342c0\" data-element_type=\"widget\" data-e-type=\"widget\" data-widget_type=\"heading.default\">\n\t\t\t\t<div class=\"elementor-widget-container\">\n\t\t\t\t\t<h2 class=\"elementor-heading-title elementor-size-default\">Hammam Hotel Al Alba<\/h2>\t\t\t\t<\/div>\n\t\t\t\t<\/div>\n\t\t\t\t<div class=\"elementor-element elementor-element-f8dc087 elementor-widget elementor-widget-heading\" data-id=\"f8dc087\" data-element_type=\"widget\" data-e-type=\"widget\" data-widget_type=\"heading.default\">\n\t\t\t\t<div class=\"elementor-widget-container\">\n\t\t\t\t\t<h2 class=\"elementor-heading-title elementor-size-default\">Une exp\u00e9rience exclusive<\/h2>\t\t\t\t<\/div>\n\t\t\t\t<\/div>\n\t\t\t\t\t<\/div>\n\t\t<\/div>\n\t\t\t\t\t<\/div>\n\t\t<\/section>\n\t\t\t\t<section class=\"elementor-section elementor-inner-section elementor-element elementor-element-90ffcdc elementor-section-full_width elementor-section-height-min-height elementor-section-height-default\" data-id=\"90ffcdc\" data-element_type=\"section\" data-e-type=\"section\">\n\t\t\t\t\t\t<div class=\"elementor-container elementor-column-gap-default\">\n\t\t\t\t\t<div class=\"elementor-column elementor-col-50 elementor-inner-column elementor-element elementor-element-293c6bc\" data-id=\"293c6bc\" data-element_type=\"column\" data-e-type=\"column\">\n\t\t\t<div class=\"elementor-widget-wrap elementor-element-populated\">\n\t\t\t\t\t\t<div class=\"elementor-element elementor-element-42db2bf elementor-widget elementor-widget-text-editor\" data-id=\"42db2bf\" data-element_type=\"widget\" data-e-type=\"widget\" data-widget_type=\"text-editor.default\">\n\t\t\t\t<div class=\"elementor-widget-container\">\n\t\t\t\t\t\t\t\t\t<p><strong>\u00c1 lh&rsquo;otel Al Alba Hammam &amp; Restaurant <\/strong>Asilah (T\u00e1nger), nous avons cr\u00e9\u00e9 un espace intime d\u00e9di\u00e9 \u00e0 votre confort. Dans trois salles (relaxation, ti\u00e8de et chaude), nous recr\u00e9ons le rituel traditionnel du hammam marocain. <\/p><p>Confortable, discret et douillet, id\u00e9al pour se laisser emporter par une infinit\u00e9 de sensations apaisantes.<\/p><p><strong>Nos horaires d&rsquo;ouverture sont de 10h00 \u00e0 21h00. La r\u00e9servation pr\u00e9alable est indispensable. <\/strong><\/p><h3 class=\"wp-block-heading has-text-align-center\">50 % de r\u00e9duction au<br>Hammam Hotel Al Alba<\/h3><h4 class=\"wp-block-heading has-text-align-center\"><strong><em>Si vous r\u00e9servez une ou plusieurs nuits \u00e0 l&rsquo;h\u00f4tel Al Alba <\/em><\/strong><\/h4>\t\t\t\t\t\t\t\t<\/div>\n\t\t\t\t<\/div>\n\t\t\t\t<div class=\"elementor-element elementor-element-7f566f7 elementor-align-center elementor-mobile-align-justify elementor-widget elementor-widget-button\" data-id=\"7f566f7\" data-element_type=\"widget\" data-e-type=\"widget\" data-widget_type=\"button.default\">\n\t\t\t\t<div class=\"elementor-widget-container\">\n\t\t\t\t\t\t\t\t\t<div class=\"elementor-button-wrapper\">\n\t\t\t\t\t<a class=\"elementor-button elementor-button-link elementor-size-sm\" href=\"https:\/\/hotelalalba.com\/fr\/reserver\/\">\n\t\t\t\t\t\t<span class=\"elementor-button-content-wrapper\">\n\t\t\t\t\t\t\t\t\t<span class=\"elementor-button-text\">R\u00c9SERVEZ VOTRE CHAMBRE<\/span>\n\t\t\t\t\t<\/span>\n\t\t\t\t\t<\/a>\n\t\t\t\t<\/div>\n\t\t\t\t\t\t\t\t<\/div>\n\t\t\t\t<\/div>\n\t\t\t\t\t<\/div>\n\t\t<\/div>\n\t\t\t\t<div class=\"elementor-column elementor-col-50 elementor-inner-column elementor-element elementor-element-47bbff6\" data-id=\"47bbff6\" data-element_type=\"column\" data-e-type=\"column\" data-settings=\"{&quot;background_background&quot;:&quot;classic&quot;}\">\n\t\t\t<div class=\"elementor-widget-wrap elementor-element-populated\">\n\t\t\t\t\t\t<div class=\"elementor-element elementor-element-87e7df8 elementor-hidden-desktop elementor-hidden-tablet elementor-widget elementor-widget-spacer\" data-id=\"87e7df8\" data-element_type=\"widget\" data-e-type=\"widget\" data-widget_type=\"spacer.default\">\n\t\t\t\t<div class=\"elementor-widget-container\">\n\t\t\t\t\t\t\t<div class=\"elementor-spacer\">\n\t\t\t<div class=\"elementor-spacer-inner\"><\/div>\n\t\t<\/div>\n\t\t\t\t\t\t<\/div>\n\t\t\t\t<\/div>\n\t\t\t\t\t<\/div>\n\t\t<\/div>\n\t\t\t\t\t<\/div>\n\t\t<\/section>\n\t\t\t\t<div class=\"elementor-element elementor-element-58332be elementor-widget elementor-widget-spacer\" data-id=\"58332be\" data-element_type=\"widget\" data-e-type=\"widget\" data-widget_type=\"spacer.default\">\n\t\t\t\t<div class=\"elementor-widget-container\">\n\t\t\t\t\t\t\t<div class=\"elementor-spacer\">\n\t\t\t<div class=\"elementor-spacer-inner\"><\/div>\n\t\t<\/div>\n\t\t\t\t\t\t<\/div>\n\t\t\t\t<\/div>\n\t\t\t\t\t<\/div>\n\t\t<\/div>\n\t\t\t\t\t<\/div>\n\t\t<\/section>\n\t\t\t\t<section class=\"elementor-section elementor-top-section elementor-element elementor-element-eb3d42d elementor-section-full_width elementor-section-height-min-height elementor-section-items-top elementor-section-height-default\" data-id=\"eb3d42d\" data-element_type=\"section\" data-e-type=\"section\">\n\t\t\t\t\t\t<div class=\"elementor-container elementor-column-gap-default\">\n\t\t\t\t\t<div class=\"elementor-column elementor-col-25 elementor-top-column elementor-element elementor-element-95318b7\" data-id=\"95318b7\" data-element_type=\"column\" data-e-type=\"column\" data-settings=\"{&quot;background_background&quot;:&quot;classic&quot;}\">\n\t\t\t<div class=\"elementor-widget-wrap elementor-element-populated\">\n\t\t\t\t\t<div class=\"elementor-background-overlay\"><\/div>\n\t\t\t\t\t\t<div class=\"elementor-element elementor-element-67b3043 elementor-widget elementor-widget-spacer\" data-id=\"67b3043\" data-element_type=\"widget\" data-e-type=\"widget\" data-widget_type=\"spacer.default\">\n\t\t\t\t<div class=\"elementor-widget-container\">\n\t\t\t\t\t\t\t<div class=\"elementor-spacer\">\n\t\t\t<div class=\"elementor-spacer-inner\"><\/div>\n\t\t<\/div>\n\t\t\t\t\t\t<\/div>\n\t\t\t\t<\/div>\n\t\t\t\t\t<\/div>\n\t\t<\/div>\n\t\t\t\t<div class=\"elementor-column elementor-col-25 elementor-top-column elementor-element elementor-element-c7bc0cb\" data-id=\"c7bc0cb\" data-element_type=\"column\" data-e-type=\"column\" data-settings=\"{&quot;background_background&quot;:&quot;classic&quot;}\">\n\t\t\t<div class=\"elementor-widget-wrap elementor-element-populated\">\n\t\t\t\t\t\t<div class=\"elementor-element elementor-element-18eddd4 elementor-widget elementor-widget-spacer\" data-id=\"18eddd4\" data-element_type=\"widget\" data-e-type=\"widget\" data-widget_type=\"spacer.default\">\n\t\t\t\t<div class=\"elementor-widget-container\">\n\t\t\t\t\t\t\t<div class=\"elementor-spacer\">\n\t\t\t<div class=\"elementor-spacer-inner\"><\/div>\n\t\t<\/div>\n\t\t\t\t\t\t<\/div>\n\t\t\t\t<\/div>\n\t\t\t\t\t<\/div>\n\t\t<\/div>\n\t\t\t\t<div class=\"elementor-column elementor-col-25 elementor-top-column elementor-element elementor-element-e684fc2\" data-id=\"e684fc2\" data-element_type=\"column\" data-e-type=\"column\" data-settings=\"{&quot;background_background&quot;:&quot;classic&quot;}\">\n\t\t\t<div class=\"elementor-widget-wrap elementor-element-populated\">\n\t\t\t\t\t\t<div class=\"elementor-element elementor-element-7897f1f elementor-widget elementor-widget-spacer\" data-id=\"7897f1f\" data-element_type=\"widget\" data-e-type=\"widget\" data-widget_type=\"spacer.default\">\n\t\t\t\t<div class=\"elementor-widget-container\">\n\t\t\t\t\t\t\t<div class=\"elementor-spacer\">\n\t\t\t<div class=\"elementor-spacer-inner\"><\/div>\n\t\t<\/div>\n\t\t\t\t\t\t<\/div>\n\t\t\t\t<\/div>\n\t\t\t\t\t<\/div>\n\t\t<\/div>\n\t\t\t\t<div class=\"elementor-column elementor-col-25 elementor-top-column elementor-element elementor-element-8e68e0a\" data-id=\"8e68e0a\" data-element_type=\"column\" data-e-type=\"column\" data-settings=\"{&quot;background_background&quot;:&quot;classic&quot;}\">\n\t\t\t<div class=\"elementor-widget-wrap elementor-element-populated\">\n\t\t\t\t\t\t<div class=\"elementor-element elementor-element-ecde68f elementor-widget elementor-widget-spacer\" data-id=\"ecde68f\" data-element_type=\"widget\" data-e-type=\"widget\" data-widget_type=\"spacer.default\">\n\t\t\t\t<div class=\"elementor-widget-container\">\n\t\t\t\t\t\t\t<div class=\"elementor-spacer\">\n\t\t\t<div class=\"elementor-spacer-inner\"><\/div>\n\t\t<\/div>\n\t\t\t\t\t\t<\/div>\n\t\t\t\t<\/div>\n\t\t\t\t\t<\/div>\n\t\t<\/div>\n\t\t\t\t\t<\/div>\n\t\t<\/section>\n\t\t\t\t<section class=\"elementor-section elementor-top-section elementor-element elementor-element-7c8130a2 elementor-section-content-middle elementor-section-boxed elementor-section-height-default elementor-section-height-default\" data-id=\"7c8130a2\" data-element_type=\"section\" data-e-type=\"section\">\n\t\t\t\t\t\t<div class=\"elementor-container elementor-column-gap-no\">\n\t\t\t\t\t<div class=\"elementor-column elementor-col-100 elementor-top-column elementor-element elementor-element-45839093\" data-id=\"45839093\" data-element_type=\"column\" data-e-type=\"column\">\n\t\t\t<div class=\"elementor-widget-wrap elementor-element-populated\">\n\t\t\t\t\t\t<div class=\"elementor-element elementor-element-67d27d21 elementor-widget elementor-widget-price-table\" data-id=\"67d27d21\" data-element_type=\"widget\" data-e-type=\"widget\" data-widget_type=\"price-table.default\">\n\t\t\t\t<div class=\"elementor-widget-container\">\n\t\t\t\t\t\n\t\t<div class=\"elementor-price-table\">\n\t\t\t\t\t\t\t<div class=\"elementor-price-table__header\">\n\t\t\t\t\t\t\t\t\t\t\t<h3 class=\"elementor-price-table__heading\">\n\t\t\t\t\t\tHammam + Massage 90 minutes pour 2\t\t\t\t\t\t<\/h3>\n\t\t\t\t\t\n\t\t\t\t\t\t\t\t\t<\/div>\n\t\t\t\n\t\t\t<div class=\"elementor-price-table__price\">\n\t\t\t\t\t\t\t\t<span class=\"elementor-price-table__currency\">&#128;<\/span>\t\t\t\t\t\t\t\t\t<span class=\"elementor-price-table__integer-part\">\n\t\t\t\t\t\t48,50\t\t\t\t\t<\/span>\n\t\t\t\t\n\t\t\t\t\n\t\t\t\t\n\t\t\t\t\t\t\t<\/div>\n\n\t\t\t\t\t\t\t<ul class=\"elementor-price-table__features-list\">\n\t\t\t\t\t\t\t\t\t\t\t<li class=\"elementor-repeater-item-ef37df0\">\n\t\t\t\t\t\t\t<div class=\"elementor-price-table__feature-inner\">\n\t\t\t\t\t\t\t\t\t\t\t\t\t\t\t\t\t\t<i class=\"\" aria-hidden=\"true\"><\/i>\n\t\t\t\t\t\t\t\t\t\t\t\t\t\t\t\t\t\t\t\t\t\t\t\t\t\t\t<span >\n\t\t\t\t\t\t\t\t\t\tPRIX EXCLUSIF POUR LES CLIENTS DE L'H\u00d4TEL AL ALBA\t\t\t\t\t\t\t\t\t<\/span>\n\t\t\t\t\t\t\t\t\t\t\t\t\t\t\t\t<\/div>\n\t\t\t\t\t\t<\/li>\n\t\t\t\t\t\t\t\t\t<\/ul>\n\t\t\t\n\t\t\t\t\t<\/div>\n\n\t\t\t\t\t\t<\/div>\n\t\t\t\t<\/div>\n\t\t\t\t\t<\/div>\n\t\t<\/div>\n\t\t\t\t\t<\/div>\n\t\t<\/section>\n\t\t\t\t<section class=\"elementor-section elementor-top-section elementor-element elementor-element-987b53d elementor-section-boxed elementor-section-height-default elementor-section-height-default\" data-id=\"987b53d\" data-element_type=\"section\" data-e-type=\"section\">\n\t\t\t\t\t\t<div class=\"elementor-container elementor-column-gap-default\">\n\t\t\t\t\t<div class=\"elementor-column elementor-col-100 elementor-top-column elementor-element elementor-element-b5a0eca\" data-id=\"b5a0eca\" data-element_type=\"column\" data-e-type=\"column\">\n\t\t\t<div class=\"elementor-widget-wrap elementor-element-populated\">\n\t\t\t\t\t\t<div class=\"elementor-element elementor-element-9d09ac5 elementor-align-center elementor-mobile-align-justify elementor-widget elementor-widget-button\" data-id=\"9d09ac5\" data-element_type=\"widget\" data-e-type=\"widget\" data-widget_type=\"button.default\">\n\t\t\t\t<div class=\"elementor-widget-container\">\n\t\t\t\t\t\t\t\t\t<div class=\"elementor-button-wrapper\">\n\t\t\t\t\t<a class=\"elementor-button elementor-button-link elementor-size-sm\" href=\"https:\/\/hotelalalba.com\/fr\/reserver\/\">\n\t\t\t\t\t\t<span class=\"elementor-button-content-wrapper\">\n\t\t\t\t\t\t\t\t\t<span class=\"elementor-button-text\">R\u00c9SERVEZ VOTRE CHAMBRE<\/span>\n\t\t\t\t\t<\/span>\n\t\t\t\t\t<\/a>\n\t\t\t\t<\/div>\n\t\t\t\t\t\t\t\t<\/div>\n\t\t\t\t<\/div>\n\t\t\t\t\t<\/div>\n\t\t<\/div>\n\t\t\t\t\t<\/div>\n\t\t<\/section>\n\t\t\t\t<section class=\"elementor-section elementor-top-section elementor-element elementor-element-b574e24 elementor-section-boxed elementor-section-height-default elementor-section-height-default\" data-id=\"b574e24\" data-element_type=\"section\" data-e-type=\"section\">\n\t\t\t\t\t\t<div class=\"elementor-container elementor-column-gap-default\">\n\t\t\t\t\t<div class=\"elementor-column elementor-col-100 elementor-top-column elementor-element elementor-element-d962838\" data-id=\"d962838\" data-element_type=\"column\" data-e-type=\"column\">\n\t\t\t<div class=\"elementor-widget-wrap elementor-element-populated\">\n\t\t\t\t\t\t<div class=\"elementor-element elementor-element-783dada elementor-widget elementor-widget-spacer\" data-id=\"783dada\" data-element_type=\"widget\" data-e-type=\"widget\" data-widget_type=\"spacer.default\">\n\t\t\t\t<div class=\"elementor-widget-container\">\n\t\t\t\t\t\t\t<div class=\"elementor-spacer\">\n\t\t\t<div class=\"elementor-spacer-inner\"><\/div>\n\t\t<\/div>\n\t\t\t\t\t\t<\/div>\n\t\t\t\t<\/div>\n\t\t\t\t\t<\/div>\n\t\t<\/div>\n\t\t\t\t\t<\/div>\n\t\t<\/section>\n\t\t\t\t<\/div>\n\t\t","protected":false},"excerpt":{"rendered":"<p>Hammam Hotel Al Alba Une exp\u00e9rience exclusive \u00c1 lh&rsquo;otel Al Alba Hammam &amp; Restaurant Asilah (T\u00e1nger), nous avons cr\u00e9\u00e9 un espace intime d\u00e9di\u00e9 \u00e0 votre confort. Dans trois salles (relaxation, ti\u00e8de et chaude), nous recr\u00e9ons le rituel traditionnel du hammam marocain. Confortable, discret et douillet, id\u00e9al pour se laisser emporter par une infinit\u00e9 de sensations [&hellip;]<\/p>\n","protected":false},"author":2,"featured_media":0,"parent":0,"menu_order":0,"comment_status":"closed","ping_status":"closed","template":"elementor_header_footer","meta":{"_acf_changed":false,"footnotes":""},"class_list":["post-2923","page","type-page","status-publish","hentry"],"acf":[],"yoast_head":"<!-- This site is optimized with the Yoast SEO plugin v27.3 - https:\/\/yoast.com\/product\/yoast-seo-wordpress\/ -->\n<title>Hotel Al Alba Hammam &amp; Restaurant (T\u00e1nger)<\/title>\n<meta name=\"description\" content=\"\u00c0 l&#039;H\u00f4tel Al Alba Hammam &amp; Restaurant Asilah (Tanger), nous avons cr\u00e9\u00e9 un espace intime d\u00e9di\u00e9 \u00e0 votre attention.\" \/>\n<meta name=\"robots\" content=\"noindex, nofollow\" \/>\n<meta property=\"og:locale\" content=\"fr_FR\" \/>\n<meta property=\"og:type\" content=\"article\" \/>\n<meta property=\"og:title\" content=\"Hotel Al Alba Hammam &amp; Restaurant (T\u00e1nger)\" \/>\n<meta property=\"og:description\" content=\"\u00c0 l&#039;H\u00f4tel Al Alba Hammam &amp; Restaurant Asilah (Tanger), nous avons cr\u00e9\u00e9 un espace intime d\u00e9di\u00e9 \u00e0 votre attention.\" \/>\n<meta property=\"og:url\" content=\"https:\/\/hotelalalba.com\/fr\/hammam\/\" \/>\n<meta property=\"og:site_name\" content=\"Hotel Al Alba Hammam &amp; Restaurant\" \/>\n<meta property=\"article:modified_time\" content=\"2026-03-07T18:09:11+00:00\" \/>\n<meta property=\"og:image\" content=\"https:\/\/hotelalalba.com\/wp-content\/uploads\/2022\/07\/logo-riad-transparente.png\" \/>\n\t<meta property=\"og:image:width\" content=\"313\" \/>\n\t<meta property=\"og:image:height\" content=\"366\" \/>\n\t<meta property=\"og:image:type\" content=\"image\/png\" \/>\n<meta name=\"twitter:card\" content=\"summary_large_image\" \/>\n<meta name=\"twitter:label1\" content=\"Dur\u00e9e de lecture estim\u00e9e\" \/>\n\t<meta name=\"twitter:data1\" content=\"1 minute\" \/>\n<script type=\"application\/ld+json\" class=\"yoast-schema-graph\">{\"@context\":\"https:\\\/\\\/schema.org\",\"@graph\":[{\"@type\":\"WebPage\",\"@id\":\"https:\\\/\\\/hotelalalba.com\\\/fr\\\/hammam\\\/\",\"url\":\"https:\\\/\\\/hotelalalba.com\\\/fr\\\/hammam\\\/\",\"name\":\"Hotel Al Alba Hammam &amp; Restaurant (T\u00e1nger)\",\"isPartOf\":{\"@id\":\"https:\\\/\\\/hotelalalba.com\\\/fr\\\/#website\"},\"datePublished\":\"2024-10-13T00:39:40+00:00\",\"dateModified\":\"2026-03-07T18:09:11+00:00\",\"description\":\"\u00c0 l'H\u00f4tel Al Alba Hammam & Restaurant Asilah (Tanger), nous avons cr\u00e9\u00e9 un espace intime d\u00e9di\u00e9 \u00e0 votre attention.\",\"breadcrumb\":{\"@id\":\"https:\\\/\\\/hotelalalba.com\\\/fr\\\/hammam\\\/#breadcrumb\"},\"inLanguage\":\"fr-FR\",\"potentialAction\":[{\"@type\":\"ReadAction\",\"target\":[\"https:\\\/\\\/hotelalalba.com\\\/fr\\\/hammam\\\/\"]}]},{\"@type\":\"BreadcrumbList\",\"@id\":\"https:\\\/\\\/hotelalalba.com\\\/fr\\\/hammam\\\/#breadcrumb\",\"itemListElement\":[{\"@type\":\"ListItem\",\"position\":1,\"name\":\"Portada\",\"item\":\"https:\\\/\\\/hotelalalba.com\\\/fr\\\/\"},{\"@type\":\"ListItem\",\"position\":2,\"name\":\"Hammam\"}]},{\"@type\":\"WebSite\",\"@id\":\"https:\\\/\\\/hotelalalba.com\\\/fr\\\/#website\",\"url\":\"https:\\\/\\\/hotelalalba.com\\\/fr\\\/\",\"name\":\"Hotel Al Alba Hammam &amp; Restaurant\",\"description\":\"A s\u00f3lo 40 km de T\u00e1nger\",\"publisher\":{\"@id\":\"https:\\\/\\\/hotelalalba.com\\\/fr\\\/#organization\"},\"potentialAction\":[{\"@type\":\"SearchAction\",\"target\":{\"@type\":\"EntryPoint\",\"urlTemplate\":\"https:\\\/\\\/hotelalalba.com\\\/fr\\\/?s={search_term_string}\"},\"query-input\":{\"@type\":\"PropertyValueSpecification\",\"valueRequired\":true,\"valueName\":\"search_term_string\"}}],\"inLanguage\":\"fr-FR\"},{\"@type\":\"Organization\",\"@id\":\"https:\\\/\\\/hotelalalba.com\\\/fr\\\/#organization\",\"name\":\"Hotel Al Alba Hammam & Restaurant\",\"alternateName\":\"Hotel Al Alba - Asilah\",\"url\":\"https:\\\/\\\/hotelalalba.com\\\/fr\\\/\",\"logo\":{\"@type\":\"ImageObject\",\"inLanguage\":\"fr-FR\",\"@id\":\"https:\\\/\\\/hotelalalba.com\\\/fr\\\/#\\\/schema\\\/logo\\\/image\\\/\",\"url\":\"https:\\\/\\\/hotelalalba.com\\\/wp-content\\\/uploads\\\/2026\\\/03\\\/hotel-hammam-tanger-scaled.png\",\"contentUrl\":\"https:\\\/\\\/hotelalalba.com\\\/wp-content\\\/uploads\\\/2026\\\/03\\\/hotel-hammam-tanger-scaled.png\",\"width\":2560,\"height\":2548,\"caption\":\"Hotel Al Alba Hammam & Restaurant\"},\"image\":{\"@id\":\"https:\\\/\\\/hotelalalba.com\\\/fr\\\/#\\\/schema\\\/logo\\\/image\\\/\"}}]}<\/script>\n<!-- \/ Yoast SEO plugin. -->","yoast_head_json":{"title":"Hotel Al Alba Hammam &amp; Restaurant (T\u00e1nger)","description":"\u00c0 l'H\u00f4tel Al Alba Hammam & Restaurant Asilah (Tanger), nous avons cr\u00e9\u00e9 un espace intime d\u00e9di\u00e9 \u00e0 votre attention.","robots":{"index":"noindex","follow":"nofollow"},"og_locale":"fr_FR","og_type":"article","og_title":"Hotel Al Alba Hammam &amp; Restaurant (T\u00e1nger)","og_description":"\u00c0 l'H\u00f4tel Al Alba Hammam & Restaurant Asilah (Tanger), nous avons cr\u00e9\u00e9 un espace intime d\u00e9di\u00e9 \u00e0 votre attention.","og_url":"https:\/\/hotelalalba.com\/fr\/hammam\/","og_site_name":"Hotel Al Alba Hammam &amp; Restaurant","article_modified_time":"2026-03-07T18:09:11+00:00","og_image":[{"width":313,"height":366,"url":"https:\/\/hotelalalba.com\/wp-content\/uploads\/2022\/07\/logo-riad-transparente.png","type":"image\/png"}],"twitter_card":"summary_large_image","twitter_misc":{"Dur\u00e9e de lecture estim\u00e9e":"1 minute"},"schema":{"@context":"https:\/\/schema.org","@graph":[{"@type":"WebPage","@id":"https:\/\/hotelalalba.com\/fr\/hammam\/","url":"https:\/\/hotelalalba.com\/fr\/hammam\/","name":"Hotel Al Alba Hammam &amp; Restaurant (T\u00e1nger)","isPartOf":{"@id":"https:\/\/hotelalalba.com\/fr\/#website"},"datePublished":"2024-10-13T00:39:40+00:00","dateModified":"2026-03-07T18:09:11+00:00","description":"\u00c0 l'H\u00f4tel Al Alba Hammam & Restaurant Asilah (Tanger), nous avons cr\u00e9\u00e9 un espace intime d\u00e9di\u00e9 \u00e0 votre attention.","breadcrumb":{"@id":"https:\/\/hotelalalba.com\/fr\/hammam\/#breadcrumb"},"inLanguage":"fr-FR","potentialAction":[{"@type":"ReadAction","target":["https:\/\/hotelalalba.com\/fr\/hammam\/"]}]},{"@type":"BreadcrumbList","@id":"https:\/\/hotelalalba.com\/fr\/hammam\/#breadcrumb","itemListElement":[{"@type":"ListItem","position":1,"name":"Portada","item":"https:\/\/hotelalalba.com\/fr\/"},{"@type":"ListItem","position":2,"name":"Hammam"}]},{"@type":"WebSite","@id":"https:\/\/hotelalalba.com\/fr\/#website","url":"https:\/\/hotelalalba.com\/fr\/","name":"Hotel Al Alba Hammam &amp; Restaurant","description":"A s\u00f3lo 40 km de T\u00e1nger","publisher":{"@id":"https:\/\/hotelalalba.com\/fr\/#organization"},"potentialAction":[{"@type":"SearchAction","target":{"@type":"EntryPoint","urlTemplate":"https:\/\/hotelalalba.com\/fr\/?s={search_term_string}"},"query-input":{"@type":"PropertyValueSpecification","valueRequired":true,"valueName":"search_term_string"}}],"inLanguage":"fr-FR"},{"@type":"Organization","@id":"https:\/\/hotelalalba.com\/fr\/#organization","name":"Hotel Al Alba Hammam & Restaurant","alternateName":"Hotel Al Alba - Asilah","url":"https:\/\/hotelalalba.com\/fr\/","logo":{"@type":"ImageObject","inLanguage":"fr-FR","@id":"https:\/\/hotelalalba.com\/fr\/#\/schema\/logo\/image\/","url":"https:\/\/hotelalalba.com\/wp-content\/uploads\/2026\/03\/hotel-hammam-tanger-scaled.png","contentUrl":"https:\/\/hotelalalba.com\/wp-content\/uploads\/2026\/03\/hotel-hammam-tanger-scaled.png","width":2560,"height":2548,"caption":"Hotel Al Alba Hammam & Restaurant"},"image":{"@id":"https:\/\/hotelalalba.com\/fr\/#\/schema\/logo\/image\/"}}]}},"_links":{"self":[{"href":"https:\/\/hotelalalba.com\/fr\/wp-json\/wp\/v2\/pages\/2923","targetHints":{"allow":["GET"]}}],"collection":[{"href":"https:\/\/hotelalalba.com\/fr\/wp-json\/wp\/v2\/pages"}],"about":[{"href":"https:\/\/hotelalalba.com\/fr\/wp-json\/wp\/v2\/types\/page"}],"author":[{"embeddable":true,"href":"https:\/\/hotelalalba.com\/fr\/wp-json\/wp\/v2\/users\/2"}],"replies":[{"embeddable":true,"href":"https:\/\/hotelalalba.com\/fr\/wp-json\/wp\/v2\/comments?post=2923"}],"version-history":[{"count":11,"href":"https:\/\/hotelalalba.com\/fr\/wp-json\/wp\/v2\/pages\/2923\/revisions"}],"predecessor-version":[{"id":9312,"href":"https:\/\/hotelalalba.com\/fr\/wp-json\/wp\/v2\/pages\/2923\/revisions\/9312"}],"wp:attachment":[{"href":"https:\/\/hotelalalba.com\/fr\/wp-json\/wp\/v2\/media?parent=2923"}],"curies":[{"name":"wp","href":"https:\/\/api.w.org\/{rel}","templated":true}]}}