{"id":2048,"date":"2022-07-05T15:57:41","date_gmt":"2022-07-05T15:57:41","guid":{"rendered":"https:\/\/hotelalalba.com\/?page_id=2048"},"modified":"2026-03-06T17:52:18","modified_gmt":"2026-03-06T17:52:18","slug":"hammam-medina","status":"publish","type":"page","link":"https:\/\/hotelalalba.com\/fr\/hammam-medina\/","title":{"rendered":"Hammam Medina"},"content":{"rendered":"\t\t<div data-elementor-type=\"wp-page\" data-elementor-id=\"2048\" class=\"elementor elementor-2048 elementor-86\" data-elementor-post-type=\"page\">\n\t\t\t\t\t\t<section class=\"elementor-section elementor-top-section elementor-element elementor-element-2e07f842 elementor-section-content-middle elementor-section-boxed elementor-section-height-default elementor-section-height-default\" data-id=\"2e07f842\" data-element_type=\"section\" data-e-type=\"section\">\n\t\t\t\t\t\t<div class=\"elementor-container elementor-column-gap-no\">\n\t\t\t\t\t<div class=\"elementor-column elementor-col-100 elementor-top-column elementor-element elementor-element-15d1e02b\" data-id=\"15d1e02b\" data-element_type=\"column\" data-e-type=\"column\">\n\t\t\t<div class=\"elementor-widget-wrap elementor-element-populated\">\n\t\t\t\t\t\t<div class=\"elementor-element elementor-element-42596523 elementor-widget elementor-widget-heading\" data-id=\"42596523\" data-element_type=\"widget\" data-e-type=\"widget\" data-widget_type=\"heading.default\">\n\t\t\t\t<div class=\"elementor-widget-container\">\n\t\t\t\t\t<h4 class=\"elementor-heading-title elementor-size-default\">HAMMAM AL ALBA Asilah (Tanger) - Tetouan<\/h4>\t\t\t\t<\/div>\n\t\t\t\t<\/div>\n\t\t\t\t<section class=\"elementor-section elementor-inner-section elementor-element elementor-element-26a4769e elementor-section-content-middle elementor-section-boxed elementor-section-height-default elementor-section-height-default\" data-id=\"26a4769e\" data-element_type=\"section\" data-e-type=\"section\">\n\t\t\t\t\t\t<div class=\"elementor-container elementor-column-gap-no\">\n\t\t\t\t\t<div class=\"elementor-column elementor-col-50 elementor-inner-column elementor-element elementor-element-610e4412\" data-id=\"610e4412\" data-element_type=\"column\" data-e-type=\"column\">\n\t\t\t<div class=\"elementor-widget-wrap elementor-element-populated\">\n\t\t\t\t\t\t<div class=\"elementor-element elementor-element-6ae4ba3c elementor-position-top elementor-widget elementor-widget-image-box\" data-id=\"6ae4ba3c\" data-element_type=\"widget\" data-e-type=\"widget\" data-widget_type=\"image-box.default\">\n\t\t\t\t<div class=\"elementor-widget-container\">\n\t\t\t\t\t<div class=\"elementor-image-box-wrapper\"><figure class=\"elementor-image-box-img\"><img fetchpriority=\"high\" decoding=\"async\" width=\"2484\" height=\"1862\" src=\"https:\/\/hotelalalba.com\/wp-content\/uploads\/2025\/03\/E4954061-D114-48CE-A51C-69B7DA7A102A.jpg\" class=\"attachment-full size-full wp-image-6864\" alt=\"\" srcset=\"https:\/\/hotelalalba.com\/wp-content\/uploads\/2025\/03\/E4954061-D114-48CE-A51C-69B7DA7A102A.jpg 2484w, https:\/\/hotelalalba.com\/wp-content\/uploads\/2025\/03\/E4954061-D114-48CE-A51C-69B7DA7A102A-300x225.jpg 300w, https:\/\/hotelalalba.com\/wp-content\/uploads\/2025\/03\/E4954061-D114-48CE-A51C-69B7DA7A102A-1024x768.jpg 1024w, https:\/\/hotelalalba.com\/wp-content\/uploads\/2025\/03\/E4954061-D114-48CE-A51C-69B7DA7A102A-768x576.jpg 768w, https:\/\/hotelalalba.com\/wp-content\/uploads\/2025\/03\/E4954061-D114-48CE-A51C-69B7DA7A102A-1536x1151.jpg 1536w, https:\/\/hotelalalba.com\/wp-content\/uploads\/2025\/03\/E4954061-D114-48CE-A51C-69B7DA7A102A-2048x1535.jpg 2048w\" sizes=\"(max-width: 2484px) 100vw, 2484px\" \/><\/figure><div class=\"elementor-image-box-content\"><h3 class=\"elementor-image-box-title\">Hammam Al Alba - Asilah Medina<\/h3><p class=\"elementor-image-box-description\">Rue Liverweve, 14, Asilah Medina<\/p><\/div><\/div>\t\t\t\t<\/div>\n\t\t\t\t<\/div>\n\t\t\t\t\t<\/div>\n\t\t<\/div>\n\t\t\t\t<div class=\"elementor-column elementor-col-50 elementor-inner-column elementor-element elementor-element-4a299005\" data-id=\"4a299005\" data-element_type=\"column\" data-e-type=\"column\">\n\t\t\t<div class=\"elementor-widget-wrap elementor-element-populated\">\n\t\t\t\t\t\t<div class=\"elementor-element elementor-element-1ef110d8 elementor-position-top elementor-widget elementor-widget-image-box\" data-id=\"1ef110d8\" data-element_type=\"widget\" data-e-type=\"widget\" data-widget_type=\"image-box.default\">\n\t\t\t\t<div class=\"elementor-widget-container\">\n\t\t\t\t\t<div class=\"elementor-image-box-wrapper\"><figure class=\"elementor-image-box-img\"><img decoding=\"async\" src=\"https:\/\/hotelalalba.com\/wp-content\/uploads\/elementor\/thumbs\/IMG_8781-scaled-r36hhv8ne7z45jefmmqantawkecomjbokuc37wc608.jpg\" title=\"IMG_8781\" alt=\"IMG_8781\" loading=\"lazy\" \/><\/figure><div class=\"elementor-image-box-content\"><h3 class=\"elementor-image-box-title\">Hammam Al Alba - Tetouan Medina <\/h3><p class=\"elementor-image-box-description\">Msalla Lakdima, 43, Tetouan Medina<\/p><\/div><\/div>\t\t\t\t<\/div>\n\t\t\t\t<\/div>\n\t\t\t\t\t<\/div>\n\t\t<\/div>\n\t\t\t\t\t<\/div>\n\t\t<\/section>\n\t\t\t\t<div class=\"elementor-element elementor-element-5379d60c elementor-align-center elementor-widget elementor-widget-button\" data-id=\"5379d60c\" data-element_type=\"widget\" data-e-type=\"widget\" data-widget_type=\"button.default\">\n\t\t\t\t<div class=\"elementor-widget-container\">\n\t\t\t\t\t\t\t\t\t<div class=\"elementor-button-wrapper\">\n\t\t\t\t\t<a class=\"elementor-button elementor-button-link elementor-size-sm elementor-animation-grow\" href=\"https:\/\/hammamalalba.com\/es\/\" target=\"_blank\">\n\t\t\t\t\t\t<span class=\"elementor-button-content-wrapper\">\n\t\t\t\t\t\t\t\t\t<span class=\"elementor-button-text\">HammamAlAlba.com<\/span>\n\t\t\t\t\t<\/span>\n\t\t\t\t\t<\/a>\n\t\t\t\t<\/div>\n\t\t\t\t\t\t\t\t<\/div>\n\t\t\t\t<\/div>\n\t\t\t\t\t<\/div>\n\t\t<\/div>\n\t\t\t\t\t<\/div>\n\t\t<\/section>\n\t\t\t\t<section class=\"elementor-section elementor-top-section elementor-element elementor-element-668515b elementor-section-boxed elementor-section-height-default elementor-section-height-default\" data-id=\"668515b\" data-element_type=\"section\" data-e-type=\"section\">\n\t\t\t\t\t\t<div class=\"elementor-container elementor-column-gap-default\">\n\t\t\t\t\t<div class=\"elementor-column elementor-col-100 elementor-top-column elementor-element elementor-element-5295079\" data-id=\"5295079\" data-element_type=\"column\" data-e-type=\"column\">\n\t\t\t<div class=\"elementor-widget-wrap elementor-element-populated\">\n\t\t\t\t\t\t<div class=\"elementor-element elementor-element-bef3721 elementor-widget elementor-widget-spacer\" data-id=\"bef3721\" data-element_type=\"widget\" data-e-type=\"widget\" data-widget_type=\"spacer.default\">\n\t\t\t\t<div class=\"elementor-widget-container\">\n\t\t\t\t\t\t\t<div class=\"elementor-spacer\">\n\t\t\t<div class=\"elementor-spacer-inner\"><\/div>\n\t\t<\/div>\n\t\t\t\t\t\t<\/div>\n\t\t\t\t<\/div>\n\t\t\t\t\t<\/div>\n\t\t<\/div>\n\t\t\t\t\t<\/div>\n\t\t<\/section>\n\t\t\t\t<section class=\"elementor-section elementor-top-section elementor-element elementor-element-c43bdf7 elementor-section-boxed elementor-section-height-default elementor-section-height-default\" data-id=\"c43bdf7\" data-element_type=\"section\" data-e-type=\"section\">\n\t\t\t\t\t\t<div class=\"elementor-container elementor-column-gap-default\">\n\t\t\t\t\t<div class=\"elementor-column elementor-col-100 elementor-top-column elementor-element elementor-element-9fd1d6d\" data-id=\"9fd1d6d\" data-element_type=\"column\" data-e-type=\"column\">\n\t\t\t<div class=\"elementor-widget-wrap elementor-element-populated\">\n\t\t\t\t\t\t<div class=\"elementor-element elementor-element-22a4c05 elementor-widget elementor-widget-html\" data-id=\"22a4c05\" data-element_type=\"widget\" data-e-type=\"widget\" data-widget_type=\"html.default\">\n\t\t\t\t<div class=\"elementor-widget-container\">\n\t\t\t\t\t<script defer type=\"application\/javascript\" src=\"https:\/\/www.revyoos.com\/js\/widgetBuilder.js\" data-revyoos-widget='eyJwIjoiNjk5MzVlODljNjkyYWVhYTZiMWVhYzk5In0='><\/script>\t\t\t\t<\/div>\n\t\t\t\t<\/div>\n\t\t\t\t\t<\/div>\n\t\t<\/div>\n\t\t\t\t\t<\/div>\n\t\t<\/section>\n\t\t\t\t<section class=\"elementor-section elementor-top-section elementor-element elementor-element-abef8ac elementor-section-boxed elementor-section-height-default elementor-section-height-default\" data-id=\"abef8ac\" data-element_type=\"section\" data-e-type=\"section\">\n\t\t\t\t\t\t<div class=\"elementor-container elementor-column-gap-default\">\n\t\t\t\t\t<div class=\"elementor-column elementor-col-100 elementor-top-column elementor-element elementor-element-606997f\" data-id=\"606997f\" data-element_type=\"column\" data-e-type=\"column\">\n\t\t\t<div class=\"elementor-widget-wrap elementor-element-populated\">\n\t\t\t\t\t\t<div class=\"elementor-element elementor-element-3566d0f elementor-widget elementor-widget-spacer\" data-id=\"3566d0f\" data-element_type=\"widget\" data-e-type=\"widget\" data-widget_type=\"spacer.default\">\n\t\t\t\t<div class=\"elementor-widget-container\">\n\t\t\t\t\t\t\t<div class=\"elementor-spacer\">\n\t\t\t<div class=\"elementor-spacer-inner\"><\/div>\n\t\t<\/div>\n\t\t\t\t\t\t<\/div>\n\t\t\t\t<\/div>\n\t\t\t\t\t<\/div>\n\t\t<\/div>\n\t\t\t\t\t<\/div>\n\t\t<\/section>\n\t\t\t\t<section class=\"elementor-section elementor-top-section elementor-element elementor-element-9b83cac elementor-section-boxed elementor-section-height-default elementor-section-height-default\" data-id=\"9b83cac\" data-element_type=\"section\" data-e-type=\"section\">\n\t\t\t\t\t\t\t<div class=\"elementor-background-overlay\"><\/div>\n\t\t\t\t\t\t\t<div class=\"elementor-container elementor-column-gap-default\">\n\t\t\t\t\t<div class=\"elementor-column elementor-col-100 elementor-top-column elementor-element elementor-element-af5a0b7\" data-id=\"af5a0b7\" data-element_type=\"column\" data-e-type=\"column\">\n\t\t\t<div class=\"elementor-widget-wrap elementor-element-populated\">\n\t\t\t\t\t\t<div class=\"elementor-element elementor-element-a478f16 elementor-widget elementor-widget-text-editor\" data-id=\"a478f16\" data-element_type=\"widget\" data-e-type=\"widget\" data-widget_type=\"text-editor.default\">\n\t\t\t\t<div class=\"elementor-widget-container\">\n\t\t\t\t\t\t\t\t\t<h3 class=\"wp-block-heading has-text-align-center\"><strong><em>50 % de r\u00e9duction au Hammam Al Alba<\/em><\/strong><\/h3><h4 class=\"wp-block-heading has-text-align-center\"><strong><em>Si vous r\u00e9servez une ou plusieurs nuits \u00e0 l&rsquo;h\u00f4tel Al Alba <\/em><\/strong><\/h4><h4><strong>Code: HOTEL_AL_ALBA<\/strong><\/h4>\t\t\t\t\t\t\t\t<\/div>\n\t\t\t\t<\/div>\n\t\t\t\t\t<\/div>\n\t\t<\/div>\n\t\t\t\t\t<\/div>\n\t\t<\/section>\n\t\t\t\t<section class=\"elementor-section elementor-top-section elementor-element elementor-element-784c32e elementor-section-boxed elementor-section-height-default elementor-section-height-default\" data-id=\"784c32e\" data-element_type=\"section\" data-e-type=\"section\">\n\t\t\t\t\t\t<div class=\"elementor-container elementor-column-gap-default\">\n\t\t\t\t\t<div class=\"elementor-column elementor-col-100 elementor-top-column elementor-element elementor-element-500b6a8\" data-id=\"500b6a8\" data-element_type=\"column\" data-e-type=\"column\">\n\t\t\t<div class=\"elementor-widget-wrap elementor-element-populated\">\n\t\t\t\t\t\t<div class=\"elementor-element elementor-element-70dc2ab elementor-widget elementor-widget-spacer\" data-id=\"70dc2ab\" data-element_type=\"widget\" data-e-type=\"widget\" data-widget_type=\"spacer.default\">\n\t\t\t\t<div class=\"elementor-widget-container\">\n\t\t\t\t\t\t\t<div class=\"elementor-spacer\">\n\t\t\t<div class=\"elementor-spacer-inner\"><\/div>\n\t\t<\/div>\n\t\t\t\t\t\t<\/div>\n\t\t\t\t<\/div>\n\t\t\t\t\t<\/div>\n\t\t<\/div>\n\t\t\t\t\t<\/div>\n\t\t<\/section>\n\t\t\t\t<section class=\"elementor-section elementor-top-section elementor-element elementor-element-909fa9f elementor-section-boxed elementor-section-height-default elementor-section-height-default\" data-id=\"909fa9f\" data-element_type=\"section\" data-e-type=\"section\">\n\t\t\t\t\t\t<div class=\"elementor-container elementor-column-gap-default\">\n\t\t\t\t\t<div class=\"elementor-column elementor-col-100 elementor-top-column elementor-element elementor-element-ec76d64\" data-id=\"ec76d64\" data-element_type=\"column\" data-e-type=\"column\">\n\t\t\t<div class=\"elementor-widget-wrap elementor-element-populated\">\n\t\t\t\t\t\t<div class=\"elementor-element elementor-element-17d25d2 elementor-widget elementor-widget-html\" data-id=\"17d25d2\" data-element_type=\"widget\" data-e-type=\"widget\" data-widget_type=\"html.default\">\n\t\t\t\t<div class=\"elementor-widget-container\">\n\t\t\t\t\t<script type=\"text\/javascript\" src=\"https:\/\/widgets.bokun.io\/assets\/javascripts\/apps\/build\/BokunWidgetsLoader.js?bookingChannelUUID=657e8227-3f10-417d-8bb1-4fe8c60d050a\" async=\"\"><\/script>\n     \n    <div class=\"bokunWidget\" data-src=\"https:\/\/widgets.bokun.io\/online-sales\/657e8227-3f10-417d-8bb1-4fe8c60d050a\/product-list\/81602\"><\/div>\n    <noscript>Please enable javascript in your browser to book<\/noscript>\n\t\t\t\t<\/div>\n\t\t\t\t<\/div>\n\t\t\t\t\t<\/div>\n\t\t<\/div>\n\t\t\t\t\t<\/div>\n\t\t<\/section>\n\t\t\t\t<\/div>\n\t\t","protected":false},"excerpt":{"rendered":"<p>HAMMAM AL ALBA Asilah (Tanger) &#8211; Tetouan Hammam Al Alba &#8211; Asilah Medina Rue Liverweve, 14, Asilah Medina Hammam Al Alba &#8211; Tetouan Medina Msalla Lakdima, 43, Tetouan Medina HammamAlAlba.com 50 % de r\u00e9duction au Hammam Al Alba Si vous r\u00e9servez une ou plusieurs nuits \u00e0 l&rsquo;h\u00f4tel Al Alba Code: HOTEL_AL_ALBA Please enable javascript in [&hellip;]<\/p>\n","protected":false},"author":1,"featured_media":0,"parent":0,"menu_order":0,"comment_status":"closed","ping_status":"closed","template":"elementor_header_footer","meta":{"_acf_changed":false,"footnotes":""},"class_list":["post-2048","page","type-page","status-publish","hentry"],"acf":[],"yoast_head":"<!-- This site is optimized with the Yoast SEO plugin v27.3 - https:\/\/yoast.com\/product\/yoast-seo-wordpress\/ -->\n<title>Hammam Al Alba: Asilah (Tanger) - Tetouan<\/title>\n<meta name=\"description\" content=\"Au Hammam Al Alba, nous avons cr\u00e9\u00e9 un espace intime d\u00e9di\u00e9 \u00e0 votre bien-\u00eatre. \u00c0 Asilah (Tanger) et \u00e0 T\u00e9touan.\" \/>\n<meta name=\"robots\" content=\"index, follow, max-snippet:-1, max-image-preview:large, max-video-preview:-1\" \/>\n<link rel=\"canonical\" href=\"https:\/\/hotelalalba.com\/fr\/hammam-medina\/\" \/>\n<meta property=\"og:locale\" content=\"fr_FR\" \/>\n<meta property=\"og:type\" content=\"article\" \/>\n<meta property=\"og:title\" content=\"Hammam Al Alba: Asilah (Tanger) - Tetouan\" \/>\n<meta property=\"og:description\" content=\"Au Hammam Al Alba, nous avons cr\u00e9\u00e9 un espace intime d\u00e9di\u00e9 \u00e0 votre bien-\u00eatre. \u00c0 Asilah (Tanger) et \u00e0 T\u00e9touan.\" \/>\n<meta property=\"og:url\" content=\"https:\/\/hotelalalba.com\/fr\/hammam-medina\/\" \/>\n<meta property=\"og:site_name\" content=\"Hotel Al Alba Hammam &amp; Restaurant\" \/>\n<meta property=\"article:modified_time\" content=\"2026-03-06T17:52:18+00:00\" \/>\n<meta property=\"og:image\" content=\"https:\/\/hotelalalba.com\/wp-content\/uploads\/2025\/03\/E4954061-D114-48CE-A51C-69B7DA7A102A.jpg\" \/>\n\t<meta property=\"og:image:width\" content=\"2484\" \/>\n\t<meta property=\"og:image:height\" content=\"1862\" \/>\n\t<meta property=\"og:image:type\" content=\"image\/jpeg\" \/>\n<meta name=\"twitter:card\" content=\"summary_large_image\" \/>\n<meta name=\"twitter:label1\" content=\"Dur\u00e9e de lecture estim\u00e9e\" \/>\n\t<meta name=\"twitter:data1\" content=\"1 minute\" \/>\n<script type=\"application\/ld+json\" class=\"yoast-schema-graph\">{\"@context\":\"https:\\\/\\\/schema.org\",\"@graph\":[{\"@type\":\"WebPage\",\"@id\":\"https:\\\/\\\/hotelalalba.com\\\/fr\\\/hammam-medina\\\/\",\"url\":\"https:\\\/\\\/hotelalalba.com\\\/fr\\\/hammam-medina\\\/\",\"name\":\"Hammam Al Alba: Asilah (Tanger) - Tetouan\",\"isPartOf\":{\"@id\":\"https:\\\/\\\/hotelalalba.com\\\/fr\\\/#website\"},\"primaryImageOfPage\":{\"@id\":\"https:\\\/\\\/hotelalalba.com\\\/fr\\\/hammam-medina\\\/#primaryimage\"},\"image\":{\"@id\":\"https:\\\/\\\/hotelalalba.com\\\/fr\\\/hammam-medina\\\/#primaryimage\"},\"thumbnailUrl\":\"https:\\\/\\\/hotelalalba.com\\\/wp-content\\\/uploads\\\/2025\\\/03\\\/E4954061-D114-48CE-A51C-69B7DA7A102A.jpg\",\"datePublished\":\"2022-07-05T15:57:41+00:00\",\"dateModified\":\"2026-03-06T17:52:18+00:00\",\"description\":\"Au Hammam Al Alba, nous avons cr\u00e9\u00e9 un espace intime d\u00e9di\u00e9 \u00e0 votre bien-\u00eatre. \u00c0 Asilah (Tanger) et \u00e0 T\u00e9touan.\",\"breadcrumb\":{\"@id\":\"https:\\\/\\\/hotelalalba.com\\\/fr\\\/hammam-medina\\\/#breadcrumb\"},\"inLanguage\":\"fr-FR\",\"potentialAction\":[{\"@type\":\"ReadAction\",\"target\":[\"https:\\\/\\\/hotelalalba.com\\\/fr\\\/hammam-medina\\\/\"]}]},{\"@type\":\"ImageObject\",\"inLanguage\":\"fr-FR\",\"@id\":\"https:\\\/\\\/hotelalalba.com\\\/fr\\\/hammam-medina\\\/#primaryimage\",\"url\":\"https:\\\/\\\/hotelalalba.com\\\/wp-content\\\/uploads\\\/2025\\\/03\\\/E4954061-D114-48CE-A51C-69B7DA7A102A.jpg\",\"contentUrl\":\"https:\\\/\\\/hotelalalba.com\\\/wp-content\\\/uploads\\\/2025\\\/03\\\/E4954061-D114-48CE-A51C-69B7DA7A102A.jpg\"},{\"@type\":\"BreadcrumbList\",\"@id\":\"https:\\\/\\\/hotelalalba.com\\\/fr\\\/hammam-medina\\\/#breadcrumb\",\"itemListElement\":[{\"@type\":\"ListItem\",\"position\":1,\"name\":\"Portada\",\"item\":\"https:\\\/\\\/hotelalalba.com\\\/fr\\\/\"},{\"@type\":\"ListItem\",\"position\":2,\"name\":\"Hammam Medina\"}]},{\"@type\":\"WebSite\",\"@id\":\"https:\\\/\\\/hotelalalba.com\\\/fr\\\/#website\",\"url\":\"https:\\\/\\\/hotelalalba.com\\\/fr\\\/\",\"name\":\"Hotel Al Alba Hammam &amp; Restaurant\",\"description\":\"A s\u00f3lo 40 km de T\u00e1nger\",\"publisher\":{\"@id\":\"https:\\\/\\\/hotelalalba.com\\\/fr\\\/#organization\"},\"potentialAction\":[{\"@type\":\"SearchAction\",\"target\":{\"@type\":\"EntryPoint\",\"urlTemplate\":\"https:\\\/\\\/hotelalalba.com\\\/fr\\\/?s={search_term_string}\"},\"query-input\":{\"@type\":\"PropertyValueSpecification\",\"valueRequired\":true,\"valueName\":\"search_term_string\"}}],\"inLanguage\":\"fr-FR\"},{\"@type\":\"Organization\",\"@id\":\"https:\\\/\\\/hotelalalba.com\\\/fr\\\/#organization\",\"name\":\"Hotel Al Alba Hammam & Restaurant\",\"alternateName\":\"Hotel Al Alba - Asilah\",\"url\":\"https:\\\/\\\/hotelalalba.com\\\/fr\\\/\",\"logo\":{\"@type\":\"ImageObject\",\"inLanguage\":\"fr-FR\",\"@id\":\"https:\\\/\\\/hotelalalba.com\\\/fr\\\/#\\\/schema\\\/logo\\\/image\\\/\",\"url\":\"https:\\\/\\\/hotelalalba.com\\\/wp-content\\\/uploads\\\/2026\\\/03\\\/hotel-hammam-tanger-scaled.png\",\"contentUrl\":\"https:\\\/\\\/hotelalalba.com\\\/wp-content\\\/uploads\\\/2026\\\/03\\\/hotel-hammam-tanger-scaled.png\",\"width\":2560,\"height\":2548,\"caption\":\"Hotel Al Alba Hammam & Restaurant\"},\"image\":{\"@id\":\"https:\\\/\\\/hotelalalba.com\\\/fr\\\/#\\\/schema\\\/logo\\\/image\\\/\"}}]}<\/script>\n<!-- \/ Yoast SEO plugin. -->","yoast_head_json":{"title":"Hammam Al Alba: Asilah (Tanger) - Tetouan","description":"Au Hammam Al Alba, nous avons cr\u00e9\u00e9 un espace intime d\u00e9di\u00e9 \u00e0 votre bien-\u00eatre. \u00c0 Asilah (Tanger) et \u00e0 T\u00e9touan.","robots":{"index":"index","follow":"follow","max-snippet":"max-snippet:-1","max-image-preview":"max-image-preview:large","max-video-preview":"max-video-preview:-1"},"canonical":"https:\/\/hotelalalba.com\/fr\/hammam-medina\/","og_locale":"fr_FR","og_type":"article","og_title":"Hammam Al Alba: Asilah (Tanger) - Tetouan","og_description":"Au Hammam Al Alba, nous avons cr\u00e9\u00e9 un espace intime d\u00e9di\u00e9 \u00e0 votre bien-\u00eatre. \u00c0 Asilah (Tanger) et \u00e0 T\u00e9touan.","og_url":"https:\/\/hotelalalba.com\/fr\/hammam-medina\/","og_site_name":"Hotel Al Alba Hammam &amp; Restaurant","article_modified_time":"2026-03-06T17:52:18+00:00","og_image":[{"width":2484,"height":1862,"url":"https:\/\/hotelalalba.com\/wp-content\/uploads\/2025\/03\/E4954061-D114-48CE-A51C-69B7DA7A102A.jpg","type":"image\/jpeg"}],"twitter_card":"summary_large_image","twitter_misc":{"Dur\u00e9e de lecture estim\u00e9e":"1 minute"},"schema":{"@context":"https:\/\/schema.org","@graph":[{"@type":"WebPage","@id":"https:\/\/hotelalalba.com\/fr\/hammam-medina\/","url":"https:\/\/hotelalalba.com\/fr\/hammam-medina\/","name":"Hammam Al Alba: Asilah (Tanger) - Tetouan","isPartOf":{"@id":"https:\/\/hotelalalba.com\/fr\/#website"},"primaryImageOfPage":{"@id":"https:\/\/hotelalalba.com\/fr\/hammam-medina\/#primaryimage"},"image":{"@id":"https:\/\/hotelalalba.com\/fr\/hammam-medina\/#primaryimage"},"thumbnailUrl":"https:\/\/hotelalalba.com\/wp-content\/uploads\/2025\/03\/E4954061-D114-48CE-A51C-69B7DA7A102A.jpg","datePublished":"2022-07-05T15:57:41+00:00","dateModified":"2026-03-06T17:52:18+00:00","description":"Au Hammam Al Alba, nous avons cr\u00e9\u00e9 un espace intime d\u00e9di\u00e9 \u00e0 votre bien-\u00eatre. \u00c0 Asilah (Tanger) et \u00e0 T\u00e9touan.","breadcrumb":{"@id":"https:\/\/hotelalalba.com\/fr\/hammam-medina\/#breadcrumb"},"inLanguage":"fr-FR","potentialAction":[{"@type":"ReadAction","target":["https:\/\/hotelalalba.com\/fr\/hammam-medina\/"]}]},{"@type":"ImageObject","inLanguage":"fr-FR","@id":"https:\/\/hotelalalba.com\/fr\/hammam-medina\/#primaryimage","url":"https:\/\/hotelalalba.com\/wp-content\/uploads\/2025\/03\/E4954061-D114-48CE-A51C-69B7DA7A102A.jpg","contentUrl":"https:\/\/hotelalalba.com\/wp-content\/uploads\/2025\/03\/E4954061-D114-48CE-A51C-69B7DA7A102A.jpg"},{"@type":"BreadcrumbList","@id":"https:\/\/hotelalalba.com\/fr\/hammam-medina\/#breadcrumb","itemListElement":[{"@type":"ListItem","position":1,"name":"Portada","item":"https:\/\/hotelalalba.com\/fr\/"},{"@type":"ListItem","position":2,"name":"Hammam Medina"}]},{"@type":"WebSite","@id":"https:\/\/hotelalalba.com\/fr\/#website","url":"https:\/\/hotelalalba.com\/fr\/","name":"Hotel Al Alba Hammam &amp; Restaurant","description":"A s\u00f3lo 40 km de T\u00e1nger","publisher":{"@id":"https:\/\/hotelalalba.com\/fr\/#organization"},"potentialAction":[{"@type":"SearchAction","target":{"@type":"EntryPoint","urlTemplate":"https:\/\/hotelalalba.com\/fr\/?s={search_term_string}"},"query-input":{"@type":"PropertyValueSpecification","valueRequired":true,"valueName":"search_term_string"}}],"inLanguage":"fr-FR"},{"@type":"Organization","@id":"https:\/\/hotelalalba.com\/fr\/#organization","name":"Hotel Al Alba Hammam & Restaurant","alternateName":"Hotel Al Alba - Asilah","url":"https:\/\/hotelalalba.com\/fr\/","logo":{"@type":"ImageObject","inLanguage":"fr-FR","@id":"https:\/\/hotelalalba.com\/fr\/#\/schema\/logo\/image\/","url":"https:\/\/hotelalalba.com\/wp-content\/uploads\/2026\/03\/hotel-hammam-tanger-scaled.png","contentUrl":"https:\/\/hotelalalba.com\/wp-content\/uploads\/2026\/03\/hotel-hammam-tanger-scaled.png","width":2560,"height":2548,"caption":"Hotel Al Alba Hammam & Restaurant"},"image":{"@id":"https:\/\/hotelalalba.com\/fr\/#\/schema\/logo\/image\/"}}]}},"_links":{"self":[{"href":"https:\/\/hotelalalba.com\/fr\/wp-json\/wp\/v2\/pages\/2048","targetHints":{"allow":["GET"]}}],"collection":[{"href":"https:\/\/hotelalalba.com\/fr\/wp-json\/wp\/v2\/pages"}],"about":[{"href":"https:\/\/hotelalalba.com\/fr\/wp-json\/wp\/v2\/types\/page"}],"author":[{"embeddable":true,"href":"https:\/\/hotelalalba.com\/fr\/wp-json\/wp\/v2\/users\/1"}],"replies":[{"embeddable":true,"href":"https:\/\/hotelalalba.com\/fr\/wp-json\/wp\/v2\/comments?post=2048"}],"version-history":[{"count":11,"href":"https:\/\/hotelalalba.com\/fr\/wp-json\/wp\/v2\/pages\/2048\/revisions"}],"predecessor-version":[{"id":9299,"href":"https:\/\/hotelalalba.com\/fr\/wp-json\/wp\/v2\/pages\/2048\/revisions\/9299"}],"wp:attachment":[{"href":"https:\/\/hotelalalba.com\/fr\/wp-json\/wp\/v2\/media?parent=2048"}],"curies":[{"name":"wp","href":"https:\/\/api.w.org\/{rel}","templated":true}]}}