{"id":2037,"date":"2022-07-05T15:57:44","date_gmt":"2022-07-05T15:57:44","guid":{"rendered":"https:\/\/hotelalalba.com\/?page_id=2037"},"modified":"2025-06-23T16:23:39","modified_gmt":"2025-06-23T16:23:39","slug":"contact","status":"publish","type":"page","link":"https:\/\/hotelalalba.com\/fr\/contact\/","title":{"rendered":"Contact"},"content":{"rendered":"\t\t<div data-elementor-type=\"wp-page\" data-elementor-id=\"2037\" class=\"elementor elementor-2037 elementor-99\" data-elementor-post-type=\"page\">\n\t\t\t\t\t\t<section class=\"elementor-section elementor-top-section elementor-element elementor-element-2fd196b8 elementor-section-height-min-height elementor-section-full_width elementor-section-items-top elementor-section-height-default\" data-id=\"2fd196b8\" data-element_type=\"section\" data-e-type=\"section\">\n\t\t\t\t\t\t<div class=\"elementor-container elementor-column-gap-default\">\n\t\t\t\t\t<div class=\"elementor-column elementor-col-50 elementor-top-column elementor-element elementor-element-85f575b\" data-id=\"85f575b\" data-element_type=\"column\" data-e-type=\"column\">\n\t\t\t<div class=\"elementor-widget-wrap elementor-element-populated\">\n\t\t\t\t\t\t<div class=\"elementor-element elementor-element-47754b2 elementor-widget elementor-widget-heading\" data-id=\"47754b2\" data-element_type=\"widget\" data-e-type=\"widget\" data-widget_type=\"heading.default\">\n\t\t\t\t<div class=\"elementor-widget-container\">\n\t\t\t\t\t<h2 class=\"elementor-heading-title elementor-size-default\">Informations sur le contact<\/h2>\t\t\t\t<\/div>\n\t\t\t\t<\/div>\n\t\t\t\t<div class=\"elementor-element elementor-element-781bcf81 elementor-widget elementor-widget-text-editor\" data-id=\"781bcf81\" data-element_type=\"widget\" data-e-type=\"widget\" data-widget_type=\"text-editor.default\">\n\t\t\t\t<div class=\"elementor-widget-container\">\n\t\t\t\t\t\t\t\t\t<p><strong>Hotel Al Alba Hammam &amp; Restaurant<\/strong><\/p><p>Google Maps Link:<\/p><p><a href=\"https:\/\/maps.app.goo.gl\/akb1xAGbRvBxt9Kx6\" target=\"_blank\" rel=\"noopener\">Lot. Nakhil 35\u060c Asilah 90050, Maroc<\/a><\/p><p><strong><a href=\"https:\/\/hotelalalba.com\/wp-content\/uploads\/2024\/03\/alalba_situ.pdf\" target=\"_blank\" rel=\"noopener\">T\u00c9L\u00c9CHARGER LA CARTE PDF<\/a><\/strong><\/p><p>T\u00e9l\u00e9phone: +212 613 429 190<\/p><p><a href=\"https:\/\/wa.me\/212613429190\" target=\"_blank\" rel=\"noopener\">Contactez-nous sur WhatsApp<\/a><\/p><p>Mail: info@hotelalalba.com<\/p>\t\t\t\t\t\t\t\t<\/div>\n\t\t\t\t<\/div>\n\t\t\t\t\t<\/div>\n\t\t<\/div>\n\t\t\t\t<div class=\"elementor-column elementor-col-50 elementor-top-column elementor-element elementor-element-33ab9134\" data-id=\"33ab9134\" data-element_type=\"column\" data-e-type=\"column\">\n\t\t\t<div class=\"elementor-widget-wrap elementor-element-populated\">\n\t\t\t\t\t\t<div class=\"elementor-element elementor-element-a31bb48 elementor-widget elementor-widget-html\" data-id=\"a31bb48\" data-element_type=\"widget\" data-e-type=\"widget\" data-widget_type=\"html.default\">\n\t\t\t\t<div class=\"elementor-widget-container\">\n\t\t\t\t\t<iframe src=\"https:\/\/www.google.com\/maps\/embed?pb=!1m14!1m8!1m3!1d812.3373660796789!2d-6.02802!3d35.4708965!3m2!1i1024!2i768!4f13.1!3m3!1m2!1s0xd0b94f79d55ecf3%3A0x323bdd421729c4b4!2sH%C3%B4tel%20Al%20Alba!5e0!3m2!1ses!2sar!4v1664373687297!5m2!1ses!2sar\" width=\"800\" height=\"600\" style=\"border:0;\" allowfullscreen=\"\" loading=\"lazy\" referrerpolicy=\"no-referrer-when-downgrade\"><\/iframe>\t\t\t\t<\/div>\n\t\t\t\t<\/div>\n\t\t\t\t\t<\/div>\n\t\t<\/div>\n\t\t\t\t\t<\/div>\n\t\t<\/section>\n\t\t\t\t<section class=\"elementor-section elementor-top-section elementor-element elementor-element-ab728cc elementor-section-height-min-height elementor-section-full_width elementor-section-items-top elementor-reverse-mobile elementor-section-height-default\" data-id=\"ab728cc\" data-element_type=\"section\" data-e-type=\"section\">\n\t\t\t\t\t\t<div class=\"elementor-container elementor-column-gap-default\">\n\t\t\t\t\t<div class=\"elementor-column elementor-col-100 elementor-top-column elementor-element elementor-element-ffbbcb6\" data-id=\"ffbbcb6\" data-element_type=\"column\" data-e-type=\"column\">\n\t\t\t<div class=\"elementor-widget-wrap elementor-element-populated\">\n\t\t\t\t\t\t<section class=\"elementor-section elementor-inner-section elementor-element elementor-element-d4f31a3 elementor-section-full_width elementor-section-height-default elementor-section-height-default\" data-id=\"d4f31a3\" data-element_type=\"section\" data-e-type=\"section\">\n\t\t\t\t\t\t<div class=\"elementor-container elementor-column-gap-no\">\n\t\t\t\t\t<div class=\"elementor-column elementor-col-100 elementor-inner-column elementor-element elementor-element-a4f0b91\" data-id=\"a4f0b91\" data-element_type=\"column\" data-e-type=\"column\">\n\t\t\t<div class=\"elementor-widget-wrap elementor-element-populated\">\n\t\t\t\t\t\t<div class=\"elementor-element elementor-element-994947d elementor-widget elementor-widget-heading\" data-id=\"994947d\" data-element_type=\"widget\" data-e-type=\"widget\" data-widget_type=\"heading.default\">\n\t\t\t\t<div class=\"elementor-widget-container\">\n\t\t\t\t\t<h2 class=\"elementor-heading-title elementor-size-default\">CONTACTEZ-NOUS <\/h2>\t\t\t\t<\/div>\n\t\t\t\t<\/div>\n\t\t\t\t<div class=\"elementor-element elementor-element-36fd241 elementor-widget elementor-widget-text-editor\" data-id=\"36fd241\" data-element_type=\"widget\" data-e-type=\"widget\" data-widget_type=\"text-editor.default\">\n\t\t\t\t<div class=\"elementor-widget-container\">\n\t\t\t\t\t\t\t\t\t<p>Nous serons heureux de r\u00e9pondre \u00e0 votre demande. Nous vous r\u00e9pondrons dans les plus brefs d\u00e9lais.<\/p>\t\t\t\t\t\t\t\t<\/div>\n\t\t\t\t<\/div>\n\t\t\t\t\t<\/div>\n\t\t<\/div>\n\t\t\t\t\t<\/div>\n\t\t<\/section>\n\t\t\t\t<div class=\"elementor-element elementor-element-ef530c8 elementor-button-align-start elementor-widget elementor-widget-form\" data-id=\"ef530c8\" data-element_type=\"widget\" data-e-type=\"widget\" data-settings=\"{&quot;step_next_label&quot;:&quot;Next&quot;,&quot;step_previous_label&quot;:&quot;Previous&quot;,&quot;button_width&quot;:&quot;100&quot;,&quot;step_type&quot;:&quot;number_text&quot;,&quot;step_icon_shape&quot;:&quot;circle&quot;}\" data-widget_type=\"form.default\">\n\t\t\t\t<div class=\"elementor-widget-container\">\n\t\t\t\t\t\t\t<form class=\"elementor-form\" method=\"post\" name=\"Enquiry Form\" aria-label=\"Enquiry Form\">\n\t\t\t<input type=\"hidden\" name=\"post_id\" value=\"2037\"\/>\n\t\t\t<input type=\"hidden\" name=\"form_id\" value=\"ef530c8\"\/>\n\t\t\t<input type=\"hidden\" name=\"referer_title\" value=\"Contact - Hotel Al Alba Hammam &amp; Restaurant\" \/>\n\n\t\t\t\t\t\t\t<input type=\"hidden\" name=\"queried_id\" value=\"2037\"\/>\n\t\t\t\n\t\t\t<div class=\"elementor-form-fields-wrapper elementor-labels-\">\n\t\t\t\t\t\t\t\t<div class=\"elementor-field-type-text elementor-field-group elementor-column elementor-field-group-name elementor-col-33 elementor-md-50 elementor-field-required\">\n\t\t\t\t\t\t\t\t\t\t\t\t<label for=\"form-field-name\" class=\"elementor-field-label elementor-screen-only\">\n\t\t\t\t\t\t\t\t* Nom complet\t\t\t\t\t\t\t<\/label>\n\t\t\t\t\t\t\t\t\t\t\t\t\t\t<input size=\"1\" type=\"text\" name=\"form_fields[name]\" id=\"form-field-name\" class=\"elementor-field elementor-size-sm  elementor-field-textual\" placeholder=\"* Nom complet\" required=\"required\">\n\t\t\t\t\t\t\t\t\t\t\t<\/div>\n\t\t\t\t\t\t\t\t<div class=\"elementor-field-type-email elementor-field-group elementor-column elementor-field-group-email elementor-col-33 elementor-md-50 elementor-field-required\">\n\t\t\t\t\t\t\t\t\t\t\t\t<label for=\"form-field-email\" class=\"elementor-field-label elementor-screen-only\">\n\t\t\t\t\t\t\t\t* Adresse \u00e9lectronique\t\t\t\t\t\t\t<\/label>\n\t\t\t\t\t\t\t\t\t\t\t\t\t\t<input size=\"1\" type=\"email\" name=\"form_fields[email]\" id=\"form-field-email\" class=\"elementor-field elementor-size-sm  elementor-field-textual\" placeholder=\"* Adresse \u00e9lectronique\" required=\"required\">\n\t\t\t\t\t\t\t\t\t\t\t<\/div>\n\t\t\t\t\t\t\t\t<div class=\"elementor-field-type-tel elementor-field-group elementor-column elementor-field-group-field_fc8eb0d elementor-col-33 elementor-md-50 elementor-field-required\">\n\t\t\t\t\t\t\t\t\t\t\t\t<label for=\"form-field-field_fc8eb0d\" class=\"elementor-field-label elementor-screen-only\">\n\t\t\t\t\t\t\t\t* T\u00e9l\u00e9phone\t\t\t\t\t\t\t<\/label>\n\t\t\t\t\t\t\t\t<input size=\"1\" type=\"tel\" name=\"form_fields[field_fc8eb0d]\" id=\"form-field-field_fc8eb0d\" class=\"elementor-field elementor-size-sm  elementor-field-textual\" placeholder=\"* T\u00e9l\u00e9phone\" required=\"required\" pattern=\"[0-9()#&amp;+*-=.]+\" title=\"Seuls les caract\u00e8res de num\u00e9ros de t\u00e9l\u00e9phone (#, -, *, etc.) sont accept\u00e9s.\">\n\n\t\t\t\t\t\t<\/div>\n\t\t\t\t\t\t\t\t<div class=\"elementor-field-type-select elementor-field-group elementor-column elementor-field-group-field_5be9e30 elementor-col-100 elementor-md-50 elementor-field-required\">\n\t\t\t\t\t\t\t\t\t\t\t\t<label for=\"form-field-field_5be9e30\" class=\"elementor-field-label elementor-screen-only\">\n\t\t\t\t\t\t\t\t* Motif de la consultation\t\t\t\t\t\t\t<\/label>\n\t\t\t\t\t\t\t\t<div class=\"elementor-field elementor-select-wrapper remove-before \">\n\t\t\t<div class=\"select-caret-down-wrapper\">\n\t\t\t\t<i aria-hidden=\"true\" class=\"eicon-caret-down\"><\/i>\t\t\t<\/div>\n\t\t\t<select name=\"form_fields[field_5be9e30]\" id=\"form-field-field_5be9e30\" class=\"elementor-field-textual elementor-size-sm\" required=\"required\">\n\t\t\t\t\t\t\t\t\t<option value=\"* S\u00e9lectionnez un motif\">* S\u00e9lectionnez un motif<\/option>\n\t\t\t\t\t\t\t\t\t<option value=\"R\u00e9servations\">R\u00e9servations<\/option>\n\t\t\t\t\t\t\t\t\t<option value=\"Activit\u00e9s\">Activit\u00e9s<\/option>\n\t\t\t\t\t\t\t\t\t<option value=\"Hamman\">Hamman<\/option>\n\t\t\t\t\t\t\t<\/select>\n\t\t<\/div>\n\t\t\t\t\t\t<\/div>\n\t\t\t\t\t\t\t\t<div class=\"elementor-field-type-textarea elementor-field-group elementor-column elementor-field-group-message elementor-col-100 elementor-field-required\">\n\t\t\t\t\t\t\t\t\t\t\t\t<label for=\"form-field-message\" class=\"elementor-field-label elementor-screen-only\">\n\t\t\t\t\t\t\t\tMessage\t\t\t\t\t\t\t<\/label>\n\t\t\t\t\t\t<textarea class=\"elementor-field-textual elementor-field  elementor-size-sm\" name=\"form_fields[message]\" id=\"form-field-message\" rows=\"4\" placeholder=\"Message\" required=\"required\"><\/textarea>\t\t\t\t<\/div>\n\t\t\t\t\t\t\t\t<div class=\"elementor-field-type-recaptcha elementor-field-group elementor-column elementor-field-group-field_752fd0a elementor-col-100\">\n\t\t\t\t\t<div class=\"elementor-field\" id=\"form-field-field_752fd0a\"><div class=\"elementor-g-recaptcha\" data-sitekey=\"6Lds9BYnAAAAACuFNhvgC6O-TeU66TR1XglGCPdq\" data-type=\"v2_checkbox\" data-theme=\"light\" data-size=\"normal\"><\/div><\/div>\t\t\t\t<\/div>\n\t\t\t\t\t\t\t\t<div class=\"elementor-field-group elementor-column elementor-field-type-submit elementor-col-100 e-form__buttons\">\n\t\t\t\t\t<button class=\"elementor-button elementor-size-sm\" type=\"submit\">\n\t\t\t\t\t\t<span class=\"elementor-button-content-wrapper\">\n\t\t\t\t\t\t\t\t\t\t\t\t\t\t\t\t\t\t\t\t\t\t<span class=\"elementor-button-text\">Envoyer<\/span>\n\t\t\t\t\t\t\t\t\t\t\t\t\t<\/span>\n\t\t\t\t\t<\/button>\n\t\t\t\t<\/div>\n\t\t\t<\/div>\n\t\t<\/form>\n\t\t\t\t\t\t<\/div>\n\t\t\t\t<\/div>\n\t\t\t\t\t<\/div>\n\t\t<\/div>\n\t\t\t\t\t<\/div>\n\t\t<\/section>\n\t\t\t\t<section class=\"elementor-section elementor-top-section elementor-element elementor-element-3779e61 elementor-section-full_width elementor-section-height-min-height elementor-section-items-top elementor-section-height-default\" data-id=\"3779e61\" data-element_type=\"section\" data-e-type=\"section\">\n\t\t\t\t\t\t<div class=\"elementor-container elementor-column-gap-default\">\n\t\t\t\t\t<div class=\"elementor-column elementor-col-25 elementor-top-column elementor-element elementor-element-2dc642e\" data-id=\"2dc642e\" data-element_type=\"column\" data-e-type=\"column\" data-settings=\"{&quot;background_background&quot;:&quot;classic&quot;}\">\n\t\t\t<div class=\"elementor-widget-wrap elementor-element-populated\">\n\t\t\t\t\t\t<div class=\"elementor-element elementor-element-a581f17 elementor-widget elementor-widget-spacer\" data-id=\"a581f17\" data-element_type=\"widget\" data-e-type=\"widget\" data-widget_type=\"spacer.default\">\n\t\t\t\t<div class=\"elementor-widget-container\">\n\t\t\t\t\t\t\t<div class=\"elementor-spacer\">\n\t\t\t<div class=\"elementor-spacer-inner\"><\/div>\n\t\t<\/div>\n\t\t\t\t\t\t<\/div>\n\t\t\t\t<\/div>\n\t\t\t\t\t<\/div>\n\t\t<\/div>\n\t\t\t\t<div class=\"elementor-column elementor-col-25 elementor-top-column elementor-element elementor-element-5f8afca\" data-id=\"5f8afca\" data-element_type=\"column\" data-e-type=\"column\" data-settings=\"{&quot;background_background&quot;:&quot;classic&quot;}\">\n\t\t\t<div class=\"elementor-widget-wrap elementor-element-populated\">\n\t\t\t\t\t\t<div class=\"elementor-element elementor-element-9c283a2 elementor-widget elementor-widget-spacer\" data-id=\"9c283a2\" data-element_type=\"widget\" data-e-type=\"widget\" data-widget_type=\"spacer.default\">\n\t\t\t\t<div class=\"elementor-widget-container\">\n\t\t\t\t\t\t\t<div class=\"elementor-spacer\">\n\t\t\t<div class=\"elementor-spacer-inner\"><\/div>\n\t\t<\/div>\n\t\t\t\t\t\t<\/div>\n\t\t\t\t<\/div>\n\t\t\t\t\t<\/div>\n\t\t<\/div>\n\t\t\t\t<div class=\"elementor-column elementor-col-25 elementor-top-column elementor-element elementor-element-d83a16a\" data-id=\"d83a16a\" data-element_type=\"column\" data-e-type=\"column\" data-settings=\"{&quot;background_background&quot;:&quot;classic&quot;}\">\n\t\t\t<div class=\"elementor-widget-wrap elementor-element-populated\">\n\t\t\t\t\t\t<div class=\"elementor-element elementor-element-d4796f5 elementor-widget elementor-widget-spacer\" data-id=\"d4796f5\" data-element_type=\"widget\" data-e-type=\"widget\" data-widget_type=\"spacer.default\">\n\t\t\t\t<div class=\"elementor-widget-container\">\n\t\t\t\t\t\t\t<div class=\"elementor-spacer\">\n\t\t\t<div class=\"elementor-spacer-inner\"><\/div>\n\t\t<\/div>\n\t\t\t\t\t\t<\/div>\n\t\t\t\t<\/div>\n\t\t\t\t\t<\/div>\n\t\t<\/div>\n\t\t\t\t<div class=\"elementor-column elementor-col-25 elementor-top-column elementor-element elementor-element-ab3890d\" data-id=\"ab3890d\" data-element_type=\"column\" data-e-type=\"column\" data-settings=\"{&quot;background_background&quot;:&quot;classic&quot;}\">\n\t\t\t<div class=\"elementor-widget-wrap elementor-element-populated\">\n\t\t\t\t\t\t<div class=\"elementor-element elementor-element-dbde6fd elementor-widget elementor-widget-spacer\" data-id=\"dbde6fd\" data-element_type=\"widget\" data-e-type=\"widget\" data-widget_type=\"spacer.default\">\n\t\t\t\t<div class=\"elementor-widget-container\">\n\t\t\t\t\t\t\t<div class=\"elementor-spacer\">\n\t\t\t<div class=\"elementor-spacer-inner\"><\/div>\n\t\t<\/div>\n\t\t\t\t\t\t<\/div>\n\t\t\t\t<\/div>\n\t\t\t\t\t<\/div>\n\t\t<\/div>\n\t\t\t\t\t<\/div>\n\t\t<\/section>\n\t\t\t\t<\/div>\n\t\t","protected":false},"excerpt":{"rendered":"<p>Informations sur le contact Hotel Al Alba Hammam &amp; Restaurant Google Maps Link: Lot. Nakhil 35\u060c Asilah 90050, Maroc T\u00c9L\u00c9CHARGER LA CARTE PDF T\u00e9l\u00e9phone: +212 613 429 190 Contactez-nous sur WhatsApp Mail: info@hotelalalba.com CONTACTEZ-NOUS Nous serons heureux de r\u00e9pondre \u00e0 votre demande. Nous vous r\u00e9pondrons dans les plus brefs d\u00e9lais.<\/p>\n","protected":false},"author":1,"featured_media":0,"parent":0,"menu_order":0,"comment_status":"closed","ping_status":"closed","template":"elementor_header_footer","meta":{"_acf_changed":false,"footnotes":""},"class_list":["post-2037","page","type-page","status-publish","hentry"],"acf":[],"yoast_head":"<!-- This site is optimized with the Yoast SEO plugin v27.3 - https:\/\/yoast.com\/product\/yoast-seo-wordpress\/ -->\n<title>Contact - Hotel Al Alba Hammam &amp; Restaurant<\/title>\n<meta name=\"robots\" content=\"index, follow, max-snippet:-1, max-image-preview:large, max-video-preview:-1\" \/>\n<link rel=\"canonical\" href=\"https:\/\/hotelalalba.com\/fr\/contact\/\" \/>\n<meta property=\"og:locale\" content=\"fr_FR\" \/>\n<meta property=\"og:type\" content=\"article\" \/>\n<meta property=\"og:title\" content=\"Contact - Hotel Al Alba Hammam &amp; Restaurant\" \/>\n<meta property=\"og:description\" content=\"Informations sur le contact Hotel Al Alba Hammam &amp; Restaurant Google Maps Link: Lot. Nakhil 35\u060c Asilah 90050, Maroc T\u00c9L\u00c9CHARGER LA CARTE PDF T\u00e9l\u00e9phone: +212 613 429 190 Contactez-nous sur WhatsApp Mail: info@hotelalalba.com CONTACTEZ-NOUS Nous serons heureux de r\u00e9pondre \u00e0 votre demande. Nous vous r\u00e9pondrons dans les plus brefs d\u00e9lais.\" \/>\n<meta property=\"og:url\" content=\"https:\/\/hotelalalba.com\/fr\/contact\/\" \/>\n<meta property=\"og:site_name\" content=\"Hotel Al Alba Hammam &amp; Restaurant\" \/>\n<meta property=\"article:modified_time\" content=\"2025-06-23T16:23:39+00:00\" \/>\n<meta property=\"og:image\" content=\"https:\/\/hotelalalba.com\/wp-content\/uploads\/2022\/07\/logo-riad-transparente.png\" \/>\n\t<meta property=\"og:image:width\" content=\"313\" \/>\n\t<meta property=\"og:image:height\" content=\"366\" \/>\n\t<meta property=\"og:image:type\" content=\"image\/png\" \/>\n<meta name=\"twitter:card\" content=\"summary_large_image\" \/>\n<meta name=\"twitter:label1\" content=\"Dur\u00e9e de lecture estim\u00e9e\" \/>\n\t<meta name=\"twitter:data1\" content=\"1 minute\" \/>\n<script type=\"application\/ld+json\" class=\"yoast-schema-graph\">{\"@context\":\"https:\\\/\\\/schema.org\",\"@graph\":[{\"@type\":\"WebPage\",\"@id\":\"https:\\\/\\\/hotelalalba.com\\\/fr\\\/contact\\\/\",\"url\":\"https:\\\/\\\/hotelalalba.com\\\/fr\\\/contact\\\/\",\"name\":\"Contact - Hotel Al Alba Hammam &amp; Restaurant\",\"isPartOf\":{\"@id\":\"https:\\\/\\\/hotelalalba.com\\\/fr\\\/#website\"},\"datePublished\":\"2022-07-05T15:57:44+00:00\",\"dateModified\":\"2025-06-23T16:23:39+00:00\",\"breadcrumb\":{\"@id\":\"https:\\\/\\\/hotelalalba.com\\\/fr\\\/contact\\\/#breadcrumb\"},\"inLanguage\":\"fr-FR\",\"potentialAction\":[{\"@type\":\"ReadAction\",\"target\":[\"https:\\\/\\\/hotelalalba.com\\\/fr\\\/contact\\\/\"]}]},{\"@type\":\"BreadcrumbList\",\"@id\":\"https:\\\/\\\/hotelalalba.com\\\/fr\\\/contact\\\/#breadcrumb\",\"itemListElement\":[{\"@type\":\"ListItem\",\"position\":1,\"name\":\"Portada\",\"item\":\"https:\\\/\\\/hotelalalba.com\\\/fr\\\/\"},{\"@type\":\"ListItem\",\"position\":2,\"name\":\"Contact\"}]},{\"@type\":\"WebSite\",\"@id\":\"https:\\\/\\\/hotelalalba.com\\\/fr\\\/#website\",\"url\":\"https:\\\/\\\/hotelalalba.com\\\/fr\\\/\",\"name\":\"Hotel Al Alba Hammam &amp; Restaurant\",\"description\":\"A s\u00f3lo 40 km de T\u00e1nger\",\"publisher\":{\"@id\":\"https:\\\/\\\/hotelalalba.com\\\/fr\\\/#organization\"},\"potentialAction\":[{\"@type\":\"SearchAction\",\"target\":{\"@type\":\"EntryPoint\",\"urlTemplate\":\"https:\\\/\\\/hotelalalba.com\\\/fr\\\/?s={search_term_string}\"},\"query-input\":{\"@type\":\"PropertyValueSpecification\",\"valueRequired\":true,\"valueName\":\"search_term_string\"}}],\"inLanguage\":\"fr-FR\"},{\"@type\":\"Organization\",\"@id\":\"https:\\\/\\\/hotelalalba.com\\\/fr\\\/#organization\",\"name\":\"Hotel Al Alba Hammam & Restaurant\",\"alternateName\":\"Hotel Al Alba - Asilah\",\"url\":\"https:\\\/\\\/hotelalalba.com\\\/fr\\\/\",\"logo\":{\"@type\":\"ImageObject\",\"inLanguage\":\"fr-FR\",\"@id\":\"https:\\\/\\\/hotelalalba.com\\\/fr\\\/#\\\/schema\\\/logo\\\/image\\\/\",\"url\":\"https:\\\/\\\/hotelalalba.com\\\/wp-content\\\/uploads\\\/2026\\\/03\\\/hotel-hammam-tanger-scaled.png\",\"contentUrl\":\"https:\\\/\\\/hotelalalba.com\\\/wp-content\\\/uploads\\\/2026\\\/03\\\/hotel-hammam-tanger-scaled.png\",\"width\":2560,\"height\":2548,\"caption\":\"Hotel Al Alba Hammam & Restaurant\"},\"image\":{\"@id\":\"https:\\\/\\\/hotelalalba.com\\\/fr\\\/#\\\/schema\\\/logo\\\/image\\\/\"}}]}<\/script>\n<!-- \/ Yoast SEO plugin. -->","yoast_head_json":{"title":"Contact - Hotel Al Alba Hammam &amp; Restaurant","robots":{"index":"index","follow":"follow","max-snippet":"max-snippet:-1","max-image-preview":"max-image-preview:large","max-video-preview":"max-video-preview:-1"},"canonical":"https:\/\/hotelalalba.com\/fr\/contact\/","og_locale":"fr_FR","og_type":"article","og_title":"Contact - Hotel Al Alba Hammam &amp; Restaurant","og_description":"Informations sur le contact Hotel Al Alba Hammam &amp; Restaurant Google Maps Link: Lot. Nakhil 35\u060c Asilah 90050, Maroc T\u00c9L\u00c9CHARGER LA CARTE PDF T\u00e9l\u00e9phone: +212 613 429 190 Contactez-nous sur WhatsApp Mail: info@hotelalalba.com CONTACTEZ-NOUS Nous serons heureux de r\u00e9pondre \u00e0 votre demande. Nous vous r\u00e9pondrons dans les plus brefs d\u00e9lais.","og_url":"https:\/\/hotelalalba.com\/fr\/contact\/","og_site_name":"Hotel Al Alba Hammam &amp; Restaurant","article_modified_time":"2025-06-23T16:23:39+00:00","og_image":[{"width":313,"height":366,"url":"https:\/\/hotelalalba.com\/wp-content\/uploads\/2022\/07\/logo-riad-transparente.png","type":"image\/png"}],"twitter_card":"summary_large_image","twitter_misc":{"Dur\u00e9e de lecture estim\u00e9e":"1 minute"},"schema":{"@context":"https:\/\/schema.org","@graph":[{"@type":"WebPage","@id":"https:\/\/hotelalalba.com\/fr\/contact\/","url":"https:\/\/hotelalalba.com\/fr\/contact\/","name":"Contact - Hotel Al Alba Hammam &amp; Restaurant","isPartOf":{"@id":"https:\/\/hotelalalba.com\/fr\/#website"},"datePublished":"2022-07-05T15:57:44+00:00","dateModified":"2025-06-23T16:23:39+00:00","breadcrumb":{"@id":"https:\/\/hotelalalba.com\/fr\/contact\/#breadcrumb"},"inLanguage":"fr-FR","potentialAction":[{"@type":"ReadAction","target":["https:\/\/hotelalalba.com\/fr\/contact\/"]}]},{"@type":"BreadcrumbList","@id":"https:\/\/hotelalalba.com\/fr\/contact\/#breadcrumb","itemListElement":[{"@type":"ListItem","position":1,"name":"Portada","item":"https:\/\/hotelalalba.com\/fr\/"},{"@type":"ListItem","position":2,"name":"Contact"}]},{"@type":"WebSite","@id":"https:\/\/hotelalalba.com\/fr\/#website","url":"https:\/\/hotelalalba.com\/fr\/","name":"Hotel Al Alba Hammam &amp; Restaurant","description":"A s\u00f3lo 40 km de T\u00e1nger","publisher":{"@id":"https:\/\/hotelalalba.com\/fr\/#organization"},"potentialAction":[{"@type":"SearchAction","target":{"@type":"EntryPoint","urlTemplate":"https:\/\/hotelalalba.com\/fr\/?s={search_term_string}"},"query-input":{"@type":"PropertyValueSpecification","valueRequired":true,"valueName":"search_term_string"}}],"inLanguage":"fr-FR"},{"@type":"Organization","@id":"https:\/\/hotelalalba.com\/fr\/#organization","name":"Hotel Al Alba Hammam & Restaurant","alternateName":"Hotel Al Alba - Asilah","url":"https:\/\/hotelalalba.com\/fr\/","logo":{"@type":"ImageObject","inLanguage":"fr-FR","@id":"https:\/\/hotelalalba.com\/fr\/#\/schema\/logo\/image\/","url":"https:\/\/hotelalalba.com\/wp-content\/uploads\/2026\/03\/hotel-hammam-tanger-scaled.png","contentUrl":"https:\/\/hotelalalba.com\/wp-content\/uploads\/2026\/03\/hotel-hammam-tanger-scaled.png","width":2560,"height":2548,"caption":"Hotel Al Alba Hammam & Restaurant"},"image":{"@id":"https:\/\/hotelalalba.com\/fr\/#\/schema\/logo\/image\/"}}]}},"_links":{"self":[{"href":"https:\/\/hotelalalba.com\/fr\/wp-json\/wp\/v2\/pages\/2037","targetHints":{"allow":["GET"]}}],"collection":[{"href":"https:\/\/hotelalalba.com\/fr\/wp-json\/wp\/v2\/pages"}],"about":[{"href":"https:\/\/hotelalalba.com\/fr\/wp-json\/wp\/v2\/types\/page"}],"author":[{"embeddable":true,"href":"https:\/\/hotelalalba.com\/fr\/wp-json\/wp\/v2\/users\/1"}],"replies":[{"embeddable":true,"href":"https:\/\/hotelalalba.com\/fr\/wp-json\/wp\/v2\/comments?post=2037"}],"version-history":[{"count":11,"href":"https:\/\/hotelalalba.com\/fr\/wp-json\/wp\/v2\/pages\/2037\/revisions"}],"predecessor-version":[{"id":7890,"href":"https:\/\/hotelalalba.com\/fr\/wp-json\/wp\/v2\/pages\/2037\/revisions\/7890"}],"wp:attachment":[{"href":"https:\/\/hotelalalba.com\/fr\/wp-json\/wp\/v2\/media?parent=2037"}],"curies":[{"name":"wp","href":"https:\/\/api.w.org\/{rel}","templated":true}]}}